{"id":41,"date":"2019-08-16T11:00:28","date_gmt":"2019-08-16T09:00:28","guid":{"rendered":"https:\/\/www.livalor.com\/ihr-nutzen\/"},"modified":"2019-10-08T07:25:55","modified_gmt":"2019-10-08T05:25:55","slug":"ihr-nutzen","status":"publish","type":"page","link":"https:\/\/www.livalor.com\/de\/ihr-nutzen\/","title":{"rendered":"Ihr Nutzen"},"content":{"rendered":"\t\t<div data-elementor-type=\"wp-page\" data-elementor-id=\"41\" class=\"elementor elementor-41\" data-elementor-post-type=\"page\">\n\t\t\t\t\t\t<section class=\"elementor-section elementor-top-section elementor-element elementor-element-bf86159 elementor-section-boxed elementor-section-height-default elementor-section-height-default\" data-id=\"bf86159\" data-element_type=\"section\" data-e-type=\"section\">\n\t\t\t\t\t\t<div class=\"elementor-container elementor-column-gap-no\">\n\t\t\t\t\t<div class=\"elementor-column elementor-col-100 elementor-top-column elementor-element elementor-element-1635878e\" data-id=\"1635878e\" data-element_type=\"column\" data-e-type=\"column\">\n\t\t\t<div class=\"elementor-widget-wrap elementor-element-populated\">\n\t\t\t\t\t\t<div class=\"elementor-element elementor-element-23efd74f elementor-widget elementor-widget-image\" data-id=\"23efd74f\" data-element_type=\"widget\" data-e-type=\"widget\" data-widget_type=\"image.default\">\n\t\t\t\t<div class=\"elementor-widget-container\">\n\t\t\t\t\t\t\t\t\t\t\t\t\t\t\t<img fetchpriority=\"high\" decoding=\"async\" width=\"1300\" height=\"400\" src=\"https:\/\/www.livalor.com\/wp-content\/uploads\/2019\/09\/titel-ihr-nutzen-livalor-vermoegen.jpg\" class=\"attachment-full size-full wp-image-277\" alt srcset=\"https:\/\/www.livalor.com\/wp-content\/uploads\/2019\/09\/titel-ihr-nutzen-livalor-vermoegen.jpg 1300w, https:\/\/www.livalor.com\/wp-content\/uploads\/2019\/09\/titel-ihr-nutzen-livalor-vermoegen-768x236.jpg 768w, https:\/\/www.livalor.com\/wp-content\/uploads\/2019\/09\/titel-ihr-nutzen-livalor-vermoegen-1024x315.jpg 1024w\" sizes=\"(max-width: 1300px) 100vw, 1300px\">\t\t\t\t\t\t\t\t\t\t\t\t\t\t\t<\/div>\n\t\t\t\t<\/div>\n\t\t\t\t\t<\/div>\n\t\t<\/div>\n\t\t\t\t\t<\/div>\n\t\t<\/section>\n\t\t\t\t<section class=\"elementor-section elementor-top-section elementor-element elementor-element-b9d02a5 elementor-section-boxed elementor-section-height-default elementor-section-height-default\" data-id=\"b9d02a5\" data-element_type=\"section\" data-e-type=\"section\">\n\t\t\t\t\t\t<div class=\"elementor-container elementor-column-gap-wide\">\n\t\t\t\t\t<div class=\"elementor-column elementor-col-100 elementor-top-column elementor-element elementor-element-77cd7049\" data-id=\"77cd7049\" data-element_type=\"column\" data-e-type=\"column\" data-settings=\"{&quot;background_background&quot;:&quot;classic&quot;}\">\n\t\t\t<div class=\"elementor-widget-wrap elementor-element-populated\">\n\t\t\t\t\t\t<div class=\"elementor-element elementor-element-6c1282fa elementor-widget elementor-widget-heading\" data-id=\"6c1282fa\" data-element_type=\"widget\" data-e-type=\"widget\" data-widget_type=\"heading.default\">\n\t\t\t\t<div class=\"elementor-widget-container\">\n\t\t\t\t\t<h1 class=\"elementor-heading-title elementor-size-default\">Ihr Nutzen<\/h1>\t\t\t\t<\/div>\n\t\t\t\t<\/div>\n\t\t\t\t<div class=\"elementor-element elementor-element-b6c9213 elementor-widget elementor-widget-image\" data-id=\"b6c9213\" data-element_type=\"widget\" data-e-type=\"widget\" data-widget_type=\"image.default\">\n\t\t\t\t<div class=\"elementor-widget-container\">\n\t\t\t\t\t\t\t\t\t\t\t\t\t\t\t<img decoding=\"async\" width=\"2200\" height=\"1348\" src=\"https:\/\/www.livalor.com\/wp-content\/uploads\/2019\/09\/ihr-nutzen-grafik.png\" class=\"attachment-full size-full wp-image-348\" alt srcset=\"https:\/\/www.livalor.com\/wp-content\/uploads\/2019\/09\/ihr-nutzen-grafik.png 2200w, https:\/\/www.livalor.com\/wp-content\/uploads\/2019\/09\/ihr-nutzen-grafik-768x471.png 768w, https:\/\/www.livalor.com\/wp-content\/uploads\/2019\/09\/ihr-nutzen-grafik-1024x627.png 1024w, https:\/\/www.livalor.com\/wp-content\/uploads\/2019\/09\/ihr-nutzen-grafik-1536x941.png 1536w, https:\/\/www.livalor.com\/wp-content\/uploads\/2019\/09\/ihr-nutzen-grafik-2048x1255.png 2048w\" sizes=\"(max-width: 2200px) 100vw, 2200px\">\t\t\t\t\t\t\t\t\t\t\t\t\t\t\t<\/div>\n\t\t\t\t<\/div>\n\t\t\t\t\t<\/div>\n\t\t<\/div>\n\t\t\t\t\t<\/div>\n\t\t<\/section>\n\t\t\t\t<section class=\"elementor-section elementor-top-section elementor-element elementor-element-4e7dc07a elementor-section-boxed elementor-section-height-default elementor-section-height-default\" data-id=\"4e7dc07a\" data-element_type=\"section\" data-e-type=\"section\">\n\t\t\t\t\t\t<div class=\"elementor-container elementor-column-gap-wide\">\n\t\t\t\t\t<div class=\"elementor-column elementor-col-50 elementor-top-column elementor-element elementor-element-162f9c83\" data-id=\"162f9c83\" data-element_type=\"column\" data-e-type=\"column\" data-settings=\"{&quot;background_background&quot;:&quot;classic&quot;}\">\n\t\t\t<div class=\"elementor-widget-wrap elementor-element-populated\">\n\t\t\t\t\t\t<div class=\"elementor-element elementor-element-a7e89bc elementor-icon-list--layout-traditional elementor-list-item-link-full_width elementor-widget elementor-widget-icon-list\" data-id=\"a7e89bc\" data-element_type=\"widget\" data-e-type=\"widget\" data-widget_type=\"icon-list.default\">\n\t\t\t\t<div class=\"elementor-widget-container\">\n\t\t\t\t\t\t\t<ul class=\"elementor-icon-list-items\">\n\t\t\t\t\t\t\t<li class=\"elementor-icon-list-item\">\n\t\t\t\t\t\t\t\t\t\t\t<span class=\"elementor-icon-list-icon\">\n\t\t\t\t\t\t\t<i aria-hidden=\"true\" class=\"fas fa-angle-right\"><\/i>\t\t\t\t\t\t<\/span>\n\t\t\t\t\t\t\t\t\t\t<span class=\"elementor-icon-list-text\">Als unab\u00adh\u00e4n\u00adgi\u00adger Verm\u00f6gensverwalter stel\u00adlen wir Ihren Nutzen ins Zentrum unse\u00adres Handelns. Dabei verste\u00adhen wir unter indi\u00advi\u00addu\u00adel\u00adler Betreuung das Kennenlernen Ihrer Ziele und W\u00fcnsche, Ihrer Bed\u00fcrfnisse sowie Ihrer Verpflichtungen. Das erm\u00f6g\u00adlicht uns eine bed\u00fcrf\u00adnis\u00adge\u00adrechte Beratung und Veranlagung Ihrer Verm\u00f6genswerte.&nbsp;<\/span>\n\t\t\t\t\t\t\t\t\t<\/li>\n\t\t\t\t\t\t\t\t<li class=\"elementor-icon-list-item\">\n\t\t\t\t\t\t\t\t\t\t\t<span class=\"elementor-icon-list-icon\">\n\t\t\t\t\t\t\t<i aria-hidden=\"true\" class=\"fas fa-angle-right\"><\/i>\t\t\t\t\t\t<\/span>\n\t\t\t\t\t\t\t\t\t\t<span class=\"elementor-icon-list-text\">Basierend auf Ihren Bed\u00fcrfnissen erar\u00adbei\u00adten wir gemein\u00adsam die auf Sie zuge\u00adschnit\u00adtene Anlagestrategie. Dar\u00fcber hinaus k\u00f6nnen Sie in s\u00e4mt\u00adli\u00adchen Finanzfragen auf unsere Expertise und Erfahrung z\u00e4hlen und von unse\u00adrem Netzwerk profitieren.<\/span>\n\t\t\t\t\t\t\t\t\t<\/li>\n\t\t\t\t\t\t\t\t<li class=\"elementor-icon-list-item\">\n\t\t\t\t\t\t\t\t\t\t\t<span class=\"elementor-icon-list-icon\">\n\t\t\t\t\t\t\t<i aria-hidden=\"true\" class=\"fas fa-angle-right\"><\/i>\t\t\t\t\t\t<\/span>\n\t\t\t\t\t\t\t\t\t\t<span class=\"elementor-icon-list-text\">Professionelle Verm\u00f6gensverwaltung verlangt neben Fachwissen und lang\u00adj\u00e4h\u00adri\u00adger Finanzmarkterfahrung auch nach einem hohen Grad an Disziplin und kurzen Entscheidungswegen. Gerne entla\u00adsten wir Sie an dieser Stelle, behal\u00adten die Entwicklung Ihrer Verm\u00f6genswerte t\u00e4glich im Auge und handeln vorausschauend.<\/span>\n\t\t\t\t\t\t\t\t\t<\/li>\n\t\t\t\t\t\t<\/ul>\n\t\t\t\t\t\t<\/div>\n\t\t\t\t<\/div>\n\t\t\t\t\t<\/div>\n\t\t<\/div>\n\t\t\t\t<div class=\"elementor-column elementor-col-50 elementor-top-column elementor-element elementor-element-41878e8\" data-id=\"41878e8\" data-element_type=\"column\" data-e-type=\"column\">\n\t\t\t<div class=\"elementor-widget-wrap elementor-element-populated\">\n\t\t\t\t\t\t<div class=\"elementor-element elementor-element-31d4802 elementor-icon-list--layout-traditional elementor-list-item-link-full_width elementor-widget elementor-widget-icon-list\" data-id=\"31d4802\" data-element_type=\"widget\" data-e-type=\"widget\" data-widget_type=\"icon-list.default\">\n\t\t\t\t<div class=\"elementor-widget-container\">\n\t\t\t\t\t\t\t<ul class=\"elementor-icon-list-items\">\n\t\t\t\t\t\t\t<li class=\"elementor-icon-list-item\">\n\t\t\t\t\t\t\t\t\t\t\t<span class=\"elementor-icon-list-icon\">\n\t\t\t\t\t\t\t<i aria-hidden=\"true\" class=\"fas fa-angle-right\"><\/i>\t\t\t\t\t\t<\/span>\n\t\t\t\t\t\t\t\t\t\t<span class=\"elementor-icon-list-text\">Auf die Bed\u00fcrfnisse gemein- oder privat\u00adn\u00fct\u00adzi\u00adger Stiftungen k\u00f6nnen wir uns genauso gut einstel\u00adlen wie auf jene von Privatpersonen oder insti\u00adtu\u00adtio\u00adnel\u00adlen Kunden. Ob regel\u00adm\u00e4\u00adssige Aussch\u00fcttungen, die Verm\u00f6genssteigerung oder andere Ziele im Vordergrund stehen: Wir defi\u00adnie\u00adren gemein\u00adsam mit Ihnen das passende Anlageprofil und w\u00e4hlen f\u00fcr Sie die besten Anlageprodukte aus.&nbsp;<\/span>\n\t\t\t\t\t\t\t\t\t<\/li>\n\t\t\t\t\t\t\t\t<li class=\"elementor-icon-list-item\">\n\t\t\t\t\t\t\t\t\t\t\t<span class=\"elementor-icon-list-icon\">\n\t\t\t\t\t\t\t<i aria-hidden=\"true\" class=\"fas fa-angle-right\"><\/i>\t\t\t\t\t\t<\/span>\n\t\t\t\t\t\t\t\t\t\t<span class=\"elementor-icon-list-text\">Unser erfah\u00adre\u00adnes und profes\u00adsio\u00adnel\u00adles Investment Team gew\u00e4hr\u00adlei\u00adstet einen strin\u00adgen\u00adten und akti\u00adven Anlageentscheidungsprozess.&nbsp;<\/span>\n\t\t\t\t\t\t\t\t\t<\/li>\n\t\t\t\t\t\t\t\t<li class=\"elementor-icon-list-item\">\n\t\t\t\t\t\t\t\t\t\t\t<span class=\"elementor-icon-list-icon\">\n\t\t\t\t\t\t\t<i aria-hidden=\"true\" class=\"fas fa-angle-right\"><\/i>\t\t\t\t\t\t<\/span>\n\t\t\t\t\t\t\t\t\t\t<span class=\"elementor-icon-list-text\">Wir blicken auf einen nach\u00adhal\u00adtig erfolg\u00adrei\u00adchen Performanceausweis zur\u00fcck.<\/span>\n\t\t\t\t\t\t\t\t\t<\/li>\n\t\t\t\t\t\t\t\t<li class=\"elementor-icon-list-item\">\n\t\t\t\t\t\t\t\t\t\t\t<span class=\"elementor-icon-list-icon\">\n\t\t\t\t\t\t\t<i aria-hidden=\"true\" class=\"fas fa-angle-right\"><\/i>\t\t\t\t\t\t<\/span>\n\t\t\t\t\t\t\t\t\t\t<span class=\"elementor-icon-list-text\">H\u00f6chste Transparenz zeich\u00adnet uns&nbsp;aus.<\/span>\n\t\t\t\t\t\t\t\t\t<\/li>\n\t\t\t\t\t\t<\/ul>\n\t\t\t\t\t\t<\/div>\n\t\t\t\t<\/div>\n\t\t\t\t\t<\/div>\n\t\t<\/div>\n\t\t\t\t\t<\/div>\n\t\t<\/section>\n\t\t\t\t<\/div>\n\t\t","protected":false},"excerpt":{"rendered":"<p>Ihr Nutzen Als unab\u00adh\u00e4n\u00adgi\u00adger Verm\u00f6gensverwalter stel\u00adlen wir Ihren Nutzen ins Zentrum unse\u00adres Handelns. Dabei verste\u00adhen wir unter indi\u00advi\u00addu\u00adel\u00adler Betreuung das Kennenlernen Ihrer Ziele und W\u00fcnsche, Ihrer Bed\u00fcrfnisse sowie Ihrer Verpflichtungen. Das erm\u00f6g\u00adlicht uns eine bed\u00fcrf\u00adnis\u00adge\u00adrechte Beratung und Veranlagung Ihrer Verm\u00f6genswerte. Basierend auf Ihren Bed\u00fcrfnissen erar\u00adbei\u00adten wir gemein\u00adsam die auf Sie zuge\u00adschnit\u00adtene Anlagestrategie. Dar\u00fcber hinaus k\u00f6nnen&nbsp;[\u2026]<\/p>\n","protected":false},"author":1,"featured_media":0,"parent":0,"menu_order":1,"comment_status":"closed","ping_status":"closed","template":"","meta":{"_seopress_robots_primary_cat":"","_seopress_titles_title":"Unabh\u00e4ngiger Verm\u00f6gensverwalter - Ihr Nutzen","_seopress_titles_desc":"Als unabh\u00e4ngiger Verm\u00f6gensverwalter stellen wir Ihren Nutzen ins Zentrum unseres Handelns. Dabei verstehen wir unter individueller Betreuung das Kennenlernen Ihrer Ziele und W\u00fcnsche, Ihrer Bed\u00fcrfnisse sowie Ihrer Verpflichtungen. Das erm\u00f6glicht uns eine bed\u00fcrfnisgerechte Beratung und Veranlagung Ihrer Verm\u00f6genswerte. ","_seopress_robots_index":"","wp_typography_post_enhancements_disabled":false,"site-sidebar-layout":"no-sidebar","site-content-layout":"page-builder","ast-site-content-layout":"default","site-content-style":"default","site-sidebar-style":"default","ast-global-header-display":"","ast-banner-title-visibility":"","ast-main-header-display":"","ast-hfb-above-header-display":"","ast-hfb-below-header-display":"","ast-hfb-mobile-header-display":"","site-post-title":"disabled","ast-breadcrumbs-content":"","ast-featured-img":"disabled","footer-sml-layout":"","ast-disable-related-posts":"","theme-transparent-header-meta":"default","adv-header-id-meta":"","stick-header-meta":"default","header-above-stick-meta":"","header-main-stick-meta":"","header-below-stick-meta":"","astra-migrate-meta-layouts":"default","ast-page-background-enabled":"default","ast-page-background-meta":{"desktop":{"background-color":"","background-image":"","background-repeat":"repeat","background-position":"center center","background-size":"auto","background-attachment":"scroll","background-type":"","background-media":"","overlay-type":"","overlay-color":"","overlay-opacity":"","overlay-gradient":""},"tablet":{"background-color":"","background-image":"","background-repeat":"repeat","background-position":"center center","background-size":"auto","background-attachment":"scroll","background-type":"","background-media":"","overlay-type":"","overlay-color":"","overlay-opacity":"","overlay-gradient":""},"mobile":{"background-color":"","background-image":"","background-repeat":"repeat","background-position":"center center","background-size":"auto","background-attachment":"scroll","background-type":"","background-media":"","overlay-type":"","overlay-color":"","overlay-opacity":"","overlay-gradient":""}},"ast-content-background-meta":{"desktop":{"background-color":"var(--ast-global-color-5)","background-image":"","background-repeat":"repeat","background-position":"center center","background-size":"auto","background-attachment":"scroll","background-type":"","background-media":"","overlay-type":"","overlay-color":"","overlay-opacity":"","overlay-gradient":""},"tablet":{"background-color":"var(--ast-global-color-5)","background-image":"","background-repeat":"repeat","background-position":"center center","background-size":"auto","background-attachment":"scroll","background-type":"","background-media":"","overlay-type":"","overlay-color":"","overlay-opacity":"","overlay-gradient":""},"mobile":{"background-color":"var(--ast-global-color-5)","background-image":"","background-repeat":"repeat","background-position":"center center","background-size":"auto","background-attachment":"scroll","background-type":"","background-media":"","overlay-type":"","overlay-color":"","overlay-opacity":"","overlay-gradient":""}},"footnotes":""},"class_list":["post-41","page","type-page","status-publish","hentry"],"_links":{"self":[{"href":"https:\/\/www.livalor.com\/de\/wp-json\/wp\/v2\/pages\/41","targetHints":{"allow":["GET"]}}],"collection":[{"href":"https:\/\/www.livalor.com\/de\/wp-json\/wp\/v2\/pages"}],"about":[{"href":"https:\/\/www.livalor.com\/de\/wp-json\/wp\/v2\/types\/page"}],"author":[{"embeddable":true,"href":"https:\/\/www.livalor.com\/de\/wp-json\/wp\/v2\/users\/1"}],"replies":[{"embeddable":true,"href":"https:\/\/www.livalor.com\/de\/wp-json\/wp\/v2\/comments?post=41"}],"version-history":[{"count":8,"href":"https:\/\/www.livalor.com\/de\/wp-json\/wp\/v2\/pages\/41\/revisions"}],"predecessor-version":[{"id":795,"href":"https:\/\/www.livalor.com\/de\/wp-json\/wp\/v2\/pages\/41\/revisions\/795"}],"wp:attachment":[{"href":"https:\/\/www.livalor.com\/de\/wp-json\/wp\/v2\/media?parent=41"}],"curies":[{"name":"wp","href":"https:\/\/api.w.org\/{rel}","templated":true}]}}