{"id":44,"date":"2019-08-16T11:00:28","date_gmt":"2019-08-16T09:00:28","guid":{"rendered":"https:\/\/www.livalor.com\/kontakt\/"},"modified":"2024-09-12T19:10:27","modified_gmt":"2024-09-12T17:10:27","slug":"kontakt","status":"publish","type":"page","link":"https:\/\/www.livalor.com\/de\/kontakt\/","title":{"rendered":"Kontakt"},"content":{"rendered":"\t\t<div data-elementor-type=\"wp-page\" data-elementor-id=\"44\" class=\"elementor elementor-44\" data-elementor-post-type=\"page\">\n\t\t\t\t\t\t<section class=\"elementor-section elementor-top-section elementor-element elementor-element-2c1fb21 elementor-section-boxed elementor-section-height-default elementor-section-height-default\" data-id=\"2c1fb21\" data-element_type=\"section\" data-e-type=\"section\">\n\t\t\t\t\t\t<div class=\"elementor-container elementor-column-gap-no\">\n\t\t\t\t\t<div class=\"elementor-column elementor-col-100 elementor-top-column elementor-element elementor-element-2ff695a5\" data-id=\"2ff695a5\" data-element_type=\"column\" data-e-type=\"column\">\n\t\t\t<div class=\"elementor-widget-wrap elementor-element-populated\">\n\t\t\t\t\t\t<div class=\"elementor-element elementor-element-2561f97e elementor-widget elementor-widget-image\" data-id=\"2561f97e\" data-element_type=\"widget\" data-e-type=\"widget\" data-widget_type=\"image.default\">\n\t\t\t\t<div class=\"elementor-widget-container\">\n\t\t\t\t\t\t\t\t\t\t\t\t\t\t\t<img fetchpriority=\"high\" decoding=\"async\" width=\"1300\" height=\"400\" src=\"https:\/\/www.livalor.com\/wp-content\/uploads\/2019\/09\/titelbild-kontakt.jpg\" class=\"attachment-full size-full wp-image-603\" alt srcset=\"https:\/\/www.livalor.com\/wp-content\/uploads\/2019\/09\/titelbild-kontakt.jpg 1300w, https:\/\/www.livalor.com\/wp-content\/uploads\/2019\/09\/titelbild-kontakt-768x236.jpg 768w, https:\/\/www.livalor.com\/wp-content\/uploads\/2019\/09\/titelbild-kontakt-1024x315.jpg 1024w\" sizes=\"(max-width: 1300px) 100vw, 1300px\">\t\t\t\t\t\t\t\t\t\t\t\t\t\t\t<\/div>\n\t\t\t\t<\/div>\n\t\t\t\t\t<\/div>\n\t\t<\/div>\n\t\t\t\t\t<\/div>\n\t\t<\/section>\n\t\t\t\t<section class=\"elementor-section elementor-top-section elementor-element elementor-element-64bce3fe elementor-section-boxed elementor-section-height-default elementor-section-height-default\" data-id=\"64bce3fe\" data-element_type=\"section\" data-e-type=\"section\">\n\t\t\t\t\t\t<div class=\"elementor-container elementor-column-gap-wide\">\n\t\t\t\t\t<div class=\"elementor-column elementor-col-100 elementor-top-column elementor-element elementor-element-41f0a6d8\" data-id=\"41f0a6d8\" data-element_type=\"column\" data-e-type=\"column\">\n\t\t\t<div class=\"elementor-widget-wrap elementor-element-populated\">\n\t\t\t\t\t\t<div class=\"elementor-element elementor-element-7684451d elementor-widget elementor-widget-heading\" data-id=\"7684451d\" data-element_type=\"widget\" data-e-type=\"widget\" data-widget_type=\"heading.default\">\n\t\t\t\t<div class=\"elementor-widget-container\">\n\t\t\t\t\t<h1 class=\"elementor-heading-title elementor-size-default\">Kontakt<\/h1>\t\t\t\t<\/div>\n\t\t\t\t<\/div>\n\t\t\t\t<section class=\"elementor-section elementor-inner-section elementor-element elementor-element-8b9f65b elementor-columns-alignment-fix-enabled elementor-section-boxed elementor-section-height-default elementor-section-height-default\" data-id=\"8b9f65b\" data-element_type=\"section\" data-e-type=\"section\">\n\t\t\t\t\t\t<div class=\"elementor-container elementor-column-gap-wide\">\n\t\t\t\t\t<div class=\"elementor-column elementor-col-50 elementor-inner-column elementor-element elementor-element-a174a1d\" data-id=\"a174a1d\" data-element_type=\"column\" data-e-type=\"column\">\n\t\t\t<div class=\"elementor-widget-wrap elementor-element-populated\">\n\t\t\t\t\t\t<div class=\"elementor-element elementor-element-ec9ca98 elementor-widget elementor-widget-text-editor\" data-id=\"ec9ca98\" data-element_type=\"widget\" data-e-type=\"widget\" data-widget_type=\"text-editor.default\">\n\t\t\t\t<div class=\"elementor-widget-container\">\n\t\t\t\t\t\t\t\t\t<p><strong>Livalor Verm\u00f6gensverwaltung <span class=\"caps\">AG<\/span><\/strong><br>Schmedgass 6<br>9490 Vaduz<br>Liechtenstein<br><br>T <a href=\"tel:+4232397630\">+423 239 76 30<\/a><br><a href=\"mailto:info@livalor.com\">info@livalor.com<\/a><\/p>\t\t\t\t\t\t\t\t<\/div>\n\t\t\t\t<\/div>\n\t\t\t\t<div class=\"elementor-element elementor-element-841f0cb elementor-widget elementor-widget-image\" data-id=\"841f0cb\" data-element_type=\"widget\" data-e-type=\"widget\" data-widget_type=\"image.default\">\n\t\t\t\t<div class=\"elementor-widget-container\">\n\t\t\t\t\t\t\t\t\t\t\t\t\t\t\t\t<a href=\"https:\/\/www.google.com\/maps\/dir\/\/Schmedgass+6+9490+Vaduz+Liechtenstein\/@47.1414773,9.5200696,10z\/data=!4m8!4m7!1m0!1m5!1m1!1s0x479b31680a1fc88b:0xe6b4c641363b843b!2m2!1d9.5200696!2d47.1414773\" target=\"_blank\">\n\t\t\t\t\t\t\t<img decoding=\"async\" width=\"1024\" height=\"580\" src=\"https:\/\/www.livalor.com\/wp-content\/uploads\/2022\/05\/map-schmedgasse-6-1024x580.jpg\" class=\"attachment-large size-large wp-image-1126\" alt srcset=\"https:\/\/www.livalor.com\/wp-content\/uploads\/2022\/05\/map-schmedgasse-6-1024x580.jpg 1024w, https:\/\/www.livalor.com\/wp-content\/uploads\/2022\/05\/map-schmedgasse-6-768x435.jpg 768w, https:\/\/www.livalor.com\/wp-content\/uploads\/2022\/05\/map-schmedgasse-6.jpg 1060w\" sizes=\"(max-width: 1024px) 100vw, 1024px\">\t\t\t\t\t\t\t\t<\/a>\n\t\t\t\t\t\t\t\t\t\t\t\t\t\t\t<\/div>\n\t\t\t\t<\/div>\n\t\t\t\t<div class=\"elementor-element elementor-element-146540a bsm elementor-widget elementor-widget-text-editor\" data-id=\"146540a\" data-element_type=\"widget\" data-e-type=\"widget\" data-widget_type=\"text-editor.default\">\n\t\t\t\t<div class=\"elementor-widget-container\">\n\t\t\t\t\t\t\t\t\t<p><a href=\"#\">Beschwerdemanagement<\/a><\/p>\t\t\t\t\t\t\t\t<\/div>\n\t\t\t\t<\/div>\n\t\t\t\t<div class=\"elementor-element elementor-element-7e94801 mwp elementor-widget elementor-widget-text-editor\" data-id=\"7e94801\" data-element_type=\"widget\" data-e-type=\"widget\" data-widget_type=\"text-editor.default\">\n\t\t\t\t<div class=\"elementor-widget-container\">\n\t\t\t\t\t\t\t\t\t<a href=\"#\">Mitwirkungspolitik<\/a>\t\t\t\t\t\t\t\t<\/div>\n\t\t\t\t<\/div>\n\t\t\t\t\t<\/div>\n\t\t<\/div>\n\t\t\t\t<div class=\"elementor-column elementor-col-50 elementor-inner-column elementor-element elementor-element-91a86d8\" data-id=\"91a86d8\" data-element_type=\"column\" data-e-type=\"column\">\n\t\t\t<div class=\"elementor-widget-wrap elementor-element-populated\">\n\t\t\t\t\t\t<div class=\"elementor-element elementor-element-120b447 elementor-widget elementor-widget-text-editor\" data-id=\"120b447\" data-element_type=\"widget\" data-e-type=\"widget\" data-widget_type=\"text-editor.default\">\n\t\t\t\t<div class=\"elementor-widget-container\">\n\t\t\t\t\t\t\t\t\t<p><strong>Livalor Verm\u00f6gensverwaltung <span class=\"caps\">AG<\/span><\/strong><br>Wilfriedstrasse 7<br>8032 Z\u00fcrich<br>Schweiz<br><br>T <a href=\"tel:+41433449744\">+41 43 344 97 44<\/a><br><a href=\"mailto:info@livalor.com\">info@livalor.com<\/a><\/p>\t\t\t\t\t\t\t\t<\/div>\n\t\t\t\t<\/div>\n\t\t\t\t<div class=\"elementor-element elementor-element-86b8fd7 elementor-widget elementor-widget-image\" data-id=\"86b8fd7\" data-element_type=\"widget\" data-e-type=\"widget\" data-widget_type=\"image.default\">\n\t\t\t\t<div class=\"elementor-widget-container\">\n\t\t\t\t\t\t\t\t\t\t\t\t\t\t\t\t<a href=\"https:\/\/www.google.com\/maps\/dir\/\/Wilfriedstrasse+7+8032+Z%C3%BCrich+Schweiz\/@47.3700656,8.5546899,10z\/data=!4m8!4m7!1m0!1m5!1m1!1s0x479aa0b217507043:0x173eaf9d4b585f37!2m2!1d8.5546899!2d47.3700656\" target=\"_blank\">\n\t\t\t\t\t\t\t<img decoding=\"async\" width=\"1024\" height=\"580\" src=\"https:\/\/www.livalor.com\/wp-content\/uploads\/2022\/05\/map-wilfriedstrasse-7-1024x580.jpg\" class=\"attachment-large size-large wp-image-1128\" alt srcset=\"https:\/\/www.livalor.com\/wp-content\/uploads\/2022\/05\/map-wilfriedstrasse-7-1024x580.jpg 1024w, https:\/\/www.livalor.com\/wp-content\/uploads\/2022\/05\/map-wilfriedstrasse-7-768x435.jpg 768w, https:\/\/www.livalor.com\/wp-content\/uploads\/2022\/05\/map-wilfriedstrasse-7.jpg 1060w\" sizes=\"(max-width: 1024px) 100vw, 1024px\">\t\t\t\t\t\t\t\t<\/a>\n\t\t\t\t\t\t\t\t\t\t\t\t\t\t\t<\/div>\n\t\t\t\t<\/div>\n\t\t\t\t<div class=\"elementor-element elementor-element-b22e502 elementor-widget elementor-widget-text-editor\" data-id=\"b22e502\" data-element_type=\"widget\" data-e-type=\"widget\" data-widget_type=\"text-editor.default\">\n\t\t\t\t<div class=\"elementor-widget-container\">\n\t\t\t\t\t\t\t\t\t<p>Livalor Verm\u00f6gensverwaltung <span class=\"caps\">AG<\/span> ist ein bei der FINcontrol Suisse <span class=\"caps\">AG<\/span> ange\u00adschlos\u00adse\u00adnes Finanzinstitut im Sinne des Finanzinstitutsgesetzes <span class=\"caps\">FINIG<\/span> und unter\u00adsteht damit der laufen\u00adden Aufsicht der FINcontrol Suisse <span class=\"caps\">AG<\/span>. Die FINcontrol Suisse <span class=\"caps\">AG<\/span> ist eine Aufsichtsorganisation im Sinne des Finanzmarktaufsichtsgesetzes.<\/p>\t\t\t\t\t\t\t\t<\/div>\n\t\t\t\t<\/div>\n\t\t\t\t<div class=\"elementor-element elementor-element-6c0570c elementor-widget elementor-widget-image\" data-id=\"6c0570c\" data-element_type=\"widget\" data-e-type=\"widget\" data-widget_type=\"image.default\">\n\t\t\t\t<div class=\"elementor-widget-container\">\n\t\t\t\t\t\t\t\t\t\t\t\t\t\t\t\t<a href=\"https:\/\/www.fincontrol.ch\/\" target=\"_blank\">\n\t\t\t\t\t\t\t<img loading=\"lazy\" decoding=\"async\" width=\"200\" height=\"30\" src=\"https:\/\/www.livalor.com\/wp-content\/uploads\/2024\/09\/fincontrol-suisse.png\" class=\"attachment-full size-full wp-image-1348\" alt>\t\t\t\t\t\t\t\t<\/a>\n\t\t\t\t\t\t\t\t\t\t\t\t\t\t\t<\/div>\n\t\t\t\t<\/div>\n\t\t\t\t\t<\/div>\n\t\t<\/div>\n\t\t\t\t\t<\/div>\n\t\t<\/section>\n\t\t\t\t\t<\/div>\n\t\t<\/div>\n\t\t\t\t\t<\/div>\n\t\t<\/section>\n\t\t\t\t<section class=\"elementor-section elementor-top-section elementor-element elementor-element-74ed61e elementor-section-boxed elementor-section-height-default elementor-section-height-default\" data-id=\"74ed61e\" data-element_type=\"section\" data-e-type=\"section\">\n\t\t\t\t\t\t<div class=\"elementor-container elementor-column-gap-default\">\n\t\t\t\t\t<div class=\"elementor-column elementor-col-100 elementor-top-column elementor-element elementor-element-02db5fa\" data-id=\"02db5fa\" data-element_type=\"column\" data-e-type=\"column\">\n\t\t\t<div class=\"elementor-widget-wrap elementor-element-populated\">\n\t\t\t\t\t\t<div class=\"elementor-element elementor-element-79e9081 elementor-invisible elementor-widget elementor-widget-ee-offcanvas\" data-id=\"79e9081\" data-element_type=\"widget\" data-e-type=\"widget\" data-settings=\"{&quot;position&quot;:&quot;right&quot;,&quot;animation&quot;:&quot;overlay&quot;,&quot;trigger_source&quot;:&quot;class&quot;,&quot;trigger_class&quot;:&quot;bsm&quot;,&quot;anchor_navigation&quot;:&quot;yes&quot;,&quot;anchor_navigation_speed&quot;:{&quot;unit&quot;:&quot;px&quot;,&quot;size&quot;:500,&quot;sizes&quot;:[]},&quot;anchor_navigation_close&quot;:&quot;yes&quot;,&quot;refresh_widgets&quot;:&quot;yes&quot;}\" data-widget_type=\"ee-offcanvas.classic\">\n\t\t\t\t<div class=\"elementor-widget-container\">\n\t\t\t\t\t<div class=\"ee-offcanvas__content ee-offcanvas__content-79e9081\">\n\t\t\t\t\t\t<div class=\"ee-offcanvas__header ee-offcanvas__header-close--right ee-offcanvas__header--hide-title\">\n\t\t\t\t\t\t\t\t\t<h3 class=\"ee-offcanvas__header__title\">\n\t\t\t\t\t\tBeschwerdemanagement&nbsp;<\/h3>\n\t\t\t\t\t\t\t\t\t\t\t\t\t<div class=\"ee-offcanvas__header__close\"><i class=\"eicon-close\"><\/i><\/div>\n\t\t\t\t\t\t\t<\/div>\n\t\t\t\t\t\t<div class=\"ee-offcanvas__content__item elementor-repeater-item-557b3a3\"><p>Es ist uns ein grosses Anliegen, unsere Kunden hinsicht\u00adlich ihrer Zielsetzungen, W\u00fcnsche und Bed\u00fcrfnisse in allen Belangen der Verm\u00f6gensverwaltung und Anlageberatung profes\u00adsio\u00adnell zu betreuen. Sollten Sie dennoch Grund f\u00fcr eine Beschwerde haben, werden wir dieser umge\u00adhend nachgehen.<\/p><p>Sie k\u00f6nnen sich mit Ihrer Beschwerde, Ihrem Anliegen, Anregungen oder W\u00fcnschen im Zusammenhang mit der Verm\u00f6gensverwaltung oder Anlageberatung jeder\u00adzeit per Email an die folgende Stelle wenden:&nbsp;<a href=\"mailto:interne.revision@livalor.com?subject=Beschwerdemanagement\">interne.revision<span class=\"mailProtect\">@<\/span>livalor.com<\/a><\/p><p>Selbstverst\u00e4ndlich k\u00f6nnen Sie sich auch anl\u00e4ss\u00adlich eines Besuches oder tele\u00adfo\u00adnisch an die Gesch\u00e4ftsleitung bzw. jeden Mitarbeiter der Livalor Verm\u00f6gensverwaltung <span class=\"caps\">AG<\/span> richten.<\/p><p>Zudem haben Kunden die M\u00f6glichkeit, zus\u00e4tz\u00adlich mit ihren Anliegen an die Liechtensteinische Schlichtungsstelle, Dr. Peter Wolff, Rechtsanwalt, Mitteldorf 1, 9490 Vaduz, Liechtenstein, Tel. +423 238 10 31, E-Mail:&nbsp;<a href=\"mailto:info@schlichtungsstelle.li\">info<span class=\"mailProtect\">@<\/span>schlichtungsstelle.li&nbsp;<\/a>zu gelan\u00adgen. Wir empfeh\u00adlen, zun\u00e4chst unsere Stellungnahme abzuwarten.<\/p><\/div>\t\t<\/div>\t\t\t\t<\/div>\n\t\t\t\t<\/div>\n\t\t\t\t\t<\/div>\n\t\t<\/div>\n\t\t\t\t\t<\/div>\n\t\t<\/section>\n\t\t\t\t<section class=\"elementor-section elementor-top-section elementor-element elementor-element-48bc435 elementor-section-boxed elementor-section-height-default elementor-section-height-default\" data-id=\"48bc435\" data-element_type=\"section\" data-e-type=\"section\">\n\t\t\t\t\t\t<div class=\"elementor-container elementor-column-gap-default\">\n\t\t\t\t\t<div class=\"elementor-column elementor-col-100 elementor-top-column elementor-element elementor-element-0cd93d7\" data-id=\"0cd93d7\" data-element_type=\"column\" data-e-type=\"column\">\n\t\t\t<div class=\"elementor-widget-wrap elementor-element-populated\">\n\t\t\t\t\t\t<div class=\"elementor-element elementor-element-766c2ee elementor-invisible elementor-widget elementor-widget-ee-offcanvas\" data-id=\"766c2ee\" data-element_type=\"widget\" data-e-type=\"widget\" data-settings=\"{&quot;position&quot;:&quot;right&quot;,&quot;animation&quot;:&quot;overlay&quot;,&quot;trigger_source&quot;:&quot;class&quot;,&quot;trigger_class&quot;:&quot;mwp&quot;,&quot;anchor_navigation&quot;:&quot;yes&quot;,&quot;anchor_navigation_speed&quot;:{&quot;unit&quot;:&quot;px&quot;,&quot;size&quot;:500,&quot;sizes&quot;:[]},&quot;anchor_navigation_close&quot;:&quot;yes&quot;,&quot;refresh_widgets&quot;:&quot;yes&quot;}\" data-widget_type=\"ee-offcanvas.classic\">\n\t\t\t\t<div class=\"elementor-widget-container\">\n\t\t\t\t\t<div class=\"ee-offcanvas__content ee-offcanvas__content-766c2ee\">\n\t\t\t\t\t\t<div class=\"ee-offcanvas__header ee-offcanvas__header-close--right ee-offcanvas__header--hide-title\">\n\t\t\t\t\t\t\t\t\t<h3 class=\"ee-offcanvas__header__title\">\n\t\t\t\t\t\tMitwirkungspolitik&nbsp;<\/h3>\n\t\t\t\t\t\t\t\t\t\t\t\t\t<div class=\"ee-offcanvas__header__close\"><i class=\"eicon-close\"><\/i><\/div>\n\t\t\t\t\t\t\t<\/div>\n\t\t\t\t\t\t<div class=\"ee-offcanvas__content__item elementor-repeater-item-557b3a3\"><p>Livalor Verm\u00f6gensverwaltung <span class=\"caps\">AG<\/span> (nach\u00adfol\u00adgend \u201eLivalor\u201c) f\u00e4llt unter den Begriff \u201eVerm\u00f6gensverwalter\u201c nach Art. 367a Ziff. 3 des liech\u00adten\u00adstei\u00adni\u00adschen Personen- und Gesellschaftsrechts (<span class=\"caps\">PGR<\/span>) und hat daher seine Mitwirkungspolitik im Sinne von Art. 367h <span class=\"caps\">PGR<\/span> zu beschreiben.<\/p><ul><li>Livalor \u00fcbt keine Aktion\u00e4rsrechte i.S.v. Art. 367h Abs. 1 Ziff. 1 und 4 <span class=\"caps\">PGR<\/span> aus, die auf einer Mitwirkung in den Gesellschaften basie\u00adren, in welche Livalor im Rahmen von Verm\u00f6gensverwaltungsmandaten inve\u00adstiert hat. Insbesondere werden keine in Bezug auf die Generalversammlungen von Aktiengesellschaften bezo\u00adge\u00adnen Rechte wahr\u00adge\u00adnom\u00admen. Das Recht auf einen Gewinnanteil sowie auf Bezugsrechte wird durch Livalor im wirt\u00adschaft\u00adli\u00adchen Interesse des Kunden wahrgenommen.<\/li><li>Die \u00dcberwachung wich\u00adti\u00adger Angelegenheiten der Gesellschaften im Sinne von Art. 367h Abs. 1 Ziff. 2 <span class=\"caps\">PGR<\/span> erfolgt durch Kenntnisnahme der gesetz\u00adlich ange\u00adord\u00adne\u00adten Berichterstattung der Gesellschaften in Finanzberichten sowie Adhoc-Mitteilungen.<\/li><li>Ein Meinungsaustausch mit den Gesellschaftsorganen und den Interessentr\u00e4gern der Gesellschaften im Sinne von Art. 367h Abs. 1 Ziff. 3 <span class=\"caps\">PGR<\/span> findet nicht&nbsp;statt.<\/li><li>Eine Zusammenarbeit mit ande\u00adren Aktion\u00e4ren im Sinne von Art. 367h Abs. 1 Ziff. 5 und 6 <span class=\"caps\">PGR<\/span> findet nicht&nbsp;statt.<\/li><li>Beim Auftreten von Interessenkonflikten im Sinne von Art. 367h Abs. 1 Ziff. 7 <span class=\"caps\">PGR<\/span> erfolgt eine Offenlegung gegen\u00ad\u00fcber den Betroffenen entspre\u00adchend den gesetz\u00adli\u00adchen Bestimmungen und eine Abkl\u00e4rung des weite\u00adren Vorgehens mit denselben.<\/li><li>Eine j\u00e4hr\u00adli\u00adche Ver\u00f6ffentlichung \u00fcber die Umsetzung der Mitwirkungspolitik im Sinne von Art.&nbsp;367h Abs. 2 <span class=\"caps\">PGR<\/span> erfolgt nicht, weil eine entspre\u00adchende Rechtewahrnehmung nicht erfolgt.<\/li><li>Eine Ver\u00f6ffentlichung des Abstimmungsverhaltens im Sinne von Art. 367h Abs. 1 Ziff. 3 <span class=\"caps\">PGR<\/span> erfolgt nicht, weil eine Teilnahme an Abstimmungen nicht erfolgt.<\/li><\/ul><\/div>\t\t<\/div>\t\t\t\t<\/div>\n\t\t\t\t<\/div>\n\t\t\t\t\t<\/div>\n\t\t<\/div>\n\t\t\t\t\t<\/div>\n\t\t<\/section>\n\t\t\t\t<\/div>\n\t\t","protected":false},"excerpt":{"rendered":"<p>Kontakt Livalor Verm\u00f6gensverwaltung AGSchmedgass 69490 VaduzLiechtenstein T +423 239 76 30info@livalor.com Beschwerdemanagement Mitwirkungspolitik Livalor Verm\u00f6gensverwaltung AGWilfriedstrasse 78032 Z\u00fcrichSchweiz T +41 43 344 97 44info@livalor.com Livalor Verm\u00f6gensverwaltung <span class=\"caps\">AG<\/span> ist ein bei der FINcontrol Suisse <span class=\"caps\">AG<\/span> ange\u00adschlos\u00adse\u00adnes Finanzinstitut im Sinne des Finanzinstitutsgesetzes <span class=\"caps\">FINIG<\/span> und unter\u00adsteht damit der laufen\u00adden Aufsicht der FINcontrol Suisse <span class=\"caps\">AG<\/span>. Die FINcontrol Suisse <span class=\"caps\">AG<\/span>&nbsp;[\u2026]<\/p>\n","protected":false},"author":1,"featured_media":0,"parent":0,"menu_order":4,"comment_status":"closed","ping_status":"closed","template":"","meta":{"_seopress_robots_primary_cat":"","_seopress_titles_title":"Livalor Verm\u00f6gensverwaltung AG Vaduz und Z\u00fcrich","_seopress_titles_desc":"Kontakt Livalor Verm\u00f6gensverwaltung AG, Schmedgass 6, 9490 Vaduz, Liechtenstein und Livalor Verm\u00f6gensverwaltung AG, Wilfriedstrasse 7, 8032 Z\u00fcrich, Schweiz","_seopress_robots_index":"","wp_typography_post_enhancements_disabled":false,"site-sidebar-layout":"no-sidebar","site-content-layout":"page-builder","ast-site-content-layout":"default","site-content-style":"default","site-sidebar-style":"default","ast-global-header-display":"","ast-banner-title-visibility":"","ast-main-header-display":"","ast-hfb-above-header-display":"","ast-hfb-below-header-display":"","ast-hfb-mobile-header-display":"","site-post-title":"disabled","ast-breadcrumbs-content":"","ast-featured-img":"disabled","footer-sml-layout":"","ast-disable-related-posts":"","theme-transparent-header-meta":"default","adv-header-id-meta":"","stick-header-meta":"default","header-above-stick-meta":"","header-main-stick-meta":"","header-below-stick-meta":"","astra-migrate-meta-layouts":"default","ast-page-background-enabled":"default","ast-page-background-meta":{"desktop":{"background-color":"","background-image":"","background-repeat":"repeat","background-position":"center center","background-size":"auto","background-attachment":"scroll","background-type":"","background-media":"","overlay-type":"","overlay-color":"","overlay-opacity":"","overlay-gradient":""},"tablet":{"background-color":"","background-image":"","background-repeat":"repeat","background-position":"center center","background-size":"auto","background-attachment":"scroll","background-type":"","background-media":"","overlay-type":"","overlay-color":"","overlay-opacity":"","overlay-gradient":""},"mobile":{"background-color":"","background-image":"","background-repeat":"repeat","background-position":"center center","background-size":"auto","background-attachment":"scroll","background-type":"","background-media":"","overlay-type":"","overlay-color":"","overlay-opacity":"","overlay-gradient":""}},"ast-content-background-meta":{"desktop":{"background-color":"var(--ast-global-color-5)","background-image":"","background-repeat":"repeat","background-position":"center center","background-size":"auto","background-attachment":"scroll","background-type":"","background-media":"","overlay-type":"","overlay-color":"","overlay-opacity":"","overlay-gradient":""},"tablet":{"background-color":"var(--ast-global-color-5)","background-image":"","background-repeat":"repeat","background-position":"center center","background-size":"auto","background-attachment":"scroll","background-type":"","background-media":"","overlay-type":"","overlay-color":"","overlay-opacity":"","overlay-gradient":""},"mobile":{"background-color":"var(--ast-global-color-5)","background-image":"","background-repeat":"repeat","background-position":"center center","background-size":"auto","background-attachment":"scroll","background-type":"","background-media":"","overlay-type":"","overlay-color":"","overlay-opacity":"","overlay-gradient":""}},"footnotes":""},"class_list":["post-44","page","type-page","status-publish","hentry"],"_links":{"self":[{"href":"https:\/\/www.livalor.com\/de\/wp-json\/wp\/v2\/pages\/44","targetHints":{"allow":["GET"]}}],"collection":[{"href":"https:\/\/www.livalor.com\/de\/wp-json\/wp\/v2\/pages"}],"about":[{"href":"https:\/\/www.livalor.com\/de\/wp-json\/wp\/v2\/types\/page"}],"author":[{"embeddable":true,"href":"https:\/\/www.livalor.com\/de\/wp-json\/wp\/v2\/users\/1"}],"replies":[{"embeddable":true,"href":"https:\/\/www.livalor.com\/de\/wp-json\/wp\/v2\/comments?post=44"}],"version-history":[{"count":5,"href":"https:\/\/www.livalor.com\/de\/wp-json\/wp\/v2\/pages\/44\/revisions"}],"predecessor-version":[{"id":1371,"href":"https:\/\/www.livalor.com\/de\/wp-json\/wp\/v2\/pages\/44\/revisions\/1371"}],"wp:attachment":[{"href":"https:\/\/www.livalor.com\/de\/wp-json\/wp\/v2\/media?parent=44"}],"curies":[{"name":"wp","href":"https:\/\/api.w.org\/{rel}","templated":true}]}}