{"id":45,"date":"2019-08-16T11:00:28","date_gmt":"2019-08-16T09:00:28","guid":{"rendered":"https:\/\/www.livalor.com\/home\/"},"modified":"2024-11-25T10:34:02","modified_gmt":"2024-11-25T09:34:02","slug":"startseite","status":"publish","type":"page","link":"https:\/\/www.livalor.com\/de\/","title":{"rendered":"Startseite"},"content":{"rendered":"\t\t<div data-elementor-type=\"wp-post\" data-elementor-id=\"45\" class=\"elementor elementor-45\" data-elementor-post-type=\"page\">\n\t\t\t\t\t\t<section class=\"elementor-section elementor-top-section elementor-element elementor-element-a01fa9f elementor-section-boxed elementor-section-height-default elementor-section-height-default\" data-id=\"a01fa9f\" data-element_type=\"section\" data-e-type=\"section\">\n\t\t\t\t\t\t<div class=\"elementor-container elementor-column-gap-no\">\n\t\t\t\t\t<div class=\"elementor-column elementor-col-100 elementor-top-column elementor-element elementor-element-93eff8a\" data-id=\"93eff8a\" data-element_type=\"column\" data-e-type=\"column\">\n\t\t\t<div class=\"elementor-widget-wrap elementor-element-populated\">\n\t\t\t\t\t\t<div class=\"elementor-element elementor-element-2b174c3 elementor-widget elementor-widget-image\" data-id=\"2b174c3\" data-element_type=\"widget\" data-e-type=\"widget\" data-widget_type=\"image.default\">\n\t\t\t\t<div class=\"elementor-widget-container\">\n\t\t\t\t\t\t\t\t\t\t\t\t\t\t\t<img fetchpriority=\"high\" decoding=\"async\" width=\"1300\" height=\"400\" src=\"https:\/\/www.livalor.com\/wp-content\/uploads\/2019\/08\/headerimage_home.jpg\" class=\"attachment-full size-full wp-image-98\" alt srcset=\"https:\/\/www.livalor.com\/wp-content\/uploads\/2019\/08\/headerimage_home.jpg 1300w, https:\/\/www.livalor.com\/wp-content\/uploads\/2019\/08\/headerimage_home-768x236.jpg 768w, https:\/\/www.livalor.com\/wp-content\/uploads\/2019\/08\/headerimage_home-1024x315.jpg 1024w\" sizes=\"(max-width: 1300px) 100vw, 1300px\">\t\t\t\t\t\t\t\t\t\t\t\t\t\t\t<\/div>\n\t\t\t\t<\/div>\n\t\t\t\t<section class=\"elementor-section elementor-inner-section elementor-element elementor-element-69fc589 elementor-section-boxed elementor-section-height-default elementor-section-height-default\" data-id=\"69fc589\" data-element_type=\"section\" data-e-type=\"section\">\n\t\t\t\t\t\t<div class=\"elementor-container elementor-column-gap-wide\">\n\t\t\t\t\t<div class=\"elementor-column elementor-col-50 elementor-inner-column elementor-element elementor-element-8d1dfe1\" data-id=\"8d1dfe1\" data-element_type=\"column\" data-e-type=\"column\" data-settings=\"{&quot;background_background&quot;:&quot;classic&quot;}\">\n\t\t\t<div class=\"elementor-widget-wrap elementor-element-populated\">\n\t\t\t\t\t\t<div class=\"elementor-element elementor-element-2129bf9 elementor-widget elementor-widget-heading\" data-id=\"2129bf9\" data-element_type=\"widget\" data-e-type=\"widget\" data-widget_type=\"heading.default\">\n\t\t\t\t<div class=\"elementor-widget-container\">\n\t\t\t\t\t<h1 class=\"elementor-heading-title elementor-size-default\"><span class=\"caps\">UNSERE<\/span> <span class=\"caps\">STRATEGIE<\/span><\/h1>\t\t\t\t<\/div>\n\t\t\t\t<\/div>\n\t\t\t\t<div class=\"elementor-element elementor-element-49a7143 elementor-widget elementor-widget-heading\" data-id=\"49a7143\" data-element_type=\"widget\" data-e-type=\"widget\" data-widget_type=\"heading.default\">\n\t\t\t\t<div class=\"elementor-widget-container\">\n\t\t\t\t\t<h1 class=\"elementor-heading-title elementor-size-default\"><span class=\"caps\">IHR<\/span> <span class=\"caps\">VERTRAUEN<\/span><\/h1>\t\t\t\t<\/div>\n\t\t\t\t<\/div>\n\t\t\t\t\t<\/div>\n\t\t<\/div>\n\t\t\t\t<div class=\"elementor-column elementor-col-50 elementor-inner-column elementor-element elementor-element-20ceaf8\" data-id=\"20ceaf8\" data-element_type=\"column\" data-e-type=\"column\">\n\t\t\t<div class=\"elementor-widget-wrap\">\n\t\t\t\t\t\t\t<\/div>\n\t\t<\/div>\n\t\t\t\t\t<\/div>\n\t\t<\/section>\n\t\t\t\t\t<\/div>\n\t\t<\/div>\n\t\t\t\t\t<\/div>\n\t\t<\/section>\n\t\t\t\t<section class=\"elementor-section elementor-top-section elementor-element elementor-element-c965515 elementor-section-boxed elementor-section-height-default elementor-section-height-default\" data-id=\"c965515\" data-element_type=\"section\" data-e-type=\"section\">\n\t\t\t\t\t\t<div class=\"elementor-container elementor-column-gap-wide\">\n\t\t\t\t\t<div class=\"elementor-column elementor-col-50 elementor-top-column elementor-element elementor-element-11952c4\" data-id=\"11952c4\" data-element_type=\"column\" data-e-type=\"column\">\n\t\t\t<div class=\"elementor-widget-wrap elementor-element-populated\">\n\t\t\t\t\t\t<div class=\"elementor-element elementor-element-9cc89e8 elementor-widget elementor-widget-heading\" data-id=\"9cc89e8\" data-element_type=\"widget\" data-e-type=\"widget\" data-widget_type=\"heading.default\">\n\t\t\t\t<div class=\"elementor-widget-container\">\n\t\t\t\t\t<h2 class=\"elementor-heading-title elementor-size-default\"><a href=\"https:\/\/www.livalor.com\/de\/ihr-nutzen\/\">Ihr Nutzen<\/a><\/h2>\t\t\t\t<\/div>\n\t\t\t\t<\/div>\n\t\t\t\t<div class=\"elementor-element elementor-element-6ceecfd elementor-widget elementor-widget-text-editor\" data-id=\"6ceecfd\" data-element_type=\"widget\" data-e-type=\"widget\" data-widget_type=\"text-editor.default\">\n\t\t\t\t<div class=\"elementor-widget-container\">\n\t\t\t\t\t\t\t\t\t<p>Basierend auf Ihren Bed\u00fcrfnissen erar\u00adbei\u00adten wir gemein\u00adsam die auf Sie zuge\u00adschnit\u00adtene Anlagestrategie. Dar\u00fcber hinaus k\u00f6nnen Sie in s\u00e4mt\u00adli\u00adchen Finanzfragen auf unsere Expertise und Erfahrung z\u00e4hlen und von unse\u00adrem Netzwerk profitieren.<\/p><p><a href=\"https:\/\/www.livalor.com\/de\/ihr-nutzen\/\">Erfahren Sie&nbsp;mehr<\/a><\/p>\t\t\t\t\t\t\t\t<\/div>\n\t\t\t\t<\/div>\n\t\t\t\t\t<\/div>\n\t\t<\/div>\n\t\t\t\t<div class=\"elementor-column elementor-col-50 elementor-top-column elementor-element elementor-element-7aab3fd\" data-id=\"7aab3fd\" data-element_type=\"column\" data-e-type=\"column\">\n\t\t\t<div class=\"elementor-widget-wrap elementor-element-populated\">\n\t\t\t\t\t\t<div class=\"elementor-element elementor-element-896ae5f elementor-widget elementor-widget-heading\" data-id=\"896ae5f\" data-element_type=\"widget\" data-e-type=\"widget\" data-widget_type=\"heading.default\">\n\t\t\t\t<div class=\"elementor-widget-container\">\n\t\t\t\t\t<h2 class=\"elementor-heading-title elementor-size-default\"><a href=\"https:\/\/www.livalor.com\/de\/vermoegensverwaltung\/anlagephilosophie\/\">Anlagephilosophie<\/a><\/h2>\t\t\t\t<\/div>\n\t\t\t\t<\/div>\n\t\t\t\t<div class=\"elementor-element elementor-element-41f7ecf elementor-widget elementor-widget-text-editor\" data-id=\"41f7ecf\" data-element_type=\"widget\" data-e-type=\"widget\" data-widget_type=\"text-editor.default\">\n\t\t\t\t<div class=\"elementor-widget-container\">\n\t\t\t\t\t\t\t\t\t<p>Unser Investitionsansatz basiert auf soli\u00adder und zuver\u00adl\u00e4s\u00adsi\u00adger Anlageallokation, erg\u00e4nzt durch eine strin\u00adgente Selektion geeig\u00adne\u00adter Investitionen.<\/p><p><a href=\"https:\/\/www.livalor.com\/de\/vermoegensverwaltung\/anlagephilosophie\/\">Erfahren Sie&nbsp;mehr<\/a><\/p>\t\t\t\t\t\t\t\t<\/div>\n\t\t\t\t<\/div>\n\t\t\t\t\t<\/div>\n\t\t<\/div>\n\t\t\t\t\t<\/div>\n\t\t<\/section>\n\t\t\t\t<section class=\"elementor-section elementor-top-section elementor-element elementor-element-da139c4 elementor-section-boxed elementor-section-height-default elementor-section-height-default\" data-id=\"da139c4\" data-element_type=\"section\" data-e-type=\"section\">\n\t\t\t\t\t\t<div class=\"elementor-container elementor-column-gap-default\">\n\t\t\t\t\t<div class=\"elementor-column elementor-col-100 elementor-top-column elementor-element elementor-element-e94c612\" data-id=\"e94c612\" data-element_type=\"column\" data-e-type=\"column\">\n\t\t\t<div class=\"elementor-widget-wrap elementor-element-populated\">\n\t\t\t\t\t\t<div class=\"elementor-element elementor-element-677bc4a elementor-widget elementor-widget-shortcode\" data-id=\"677bc4a\" data-element_type=\"widget\" data-e-type=\"widget\" data-widget_type=\"shortcode.default\">\n\t\t\t\t<div class=\"elementor-widget-container\">\n\t\t\t\t\t\t\t<div class=\"elementor-shortcode\">\t\t<div data-elementor-type=\"section\" data-elementor-id=\"112\" class=\"elementor elementor-112\" data-elementor-post-type=\"elementor_library\">\n\t\t\t\t\t<section class=\"elementor-section elementor-top-section elementor-element elementor-element-8133b8e elementor-section-boxed elementor-section-height-default elementor-section-height-default\" data-id=\"8133b8e\" data-element_type=\"section\" data-e-type=\"section\">\n\t\t\t\t\t\t<div class=\"elementor-container elementor-column-gap-default\">\n\t\t\t\t\t<div class=\"elementor-column elementor-col-100 elementor-top-column elementor-element elementor-element-9840cb1\" data-id=\"9840cb1\" data-element_type=\"column\" data-e-type=\"column\">\n\t\t\t<div class=\"elementor-widget-wrap elementor-element-populated\">\n\t\t\t\t\t\t<div class=\"elementor-element elementor-element-71ed62d elementor-widget-divider--view-line elementor-widget elementor-widget-divider\" data-id=\"71ed62d\" data-element_type=\"widget\" data-e-type=\"widget\" data-widget_type=\"divider.default\">\n\t\t\t\t<div class=\"elementor-widget-container\">\n\t\t\t\t\t\t\t<div class=\"elementor-divider\">\n\t\t\t<span class=\"elementor-divider-separator\">\n\t\t\t\t\t\t<\/span>\n\t\t<\/div>\n\t\t\t\t\t\t<\/div>\n\t\t\t\t<\/div>\n\t\t\t\t\t<\/div>\n\t\t<\/div>\n\t\t\t\t\t<\/div>\n\t\t<\/section>\n\t\t\t\t<\/div>\n\t\t<\/div>\n\t\t\t\t\t\t<\/div>\n\t\t\t\t<\/div>\n\t\t\t\t\t<\/div>\n\t\t<\/div>\n\t\t\t\t\t<\/div>\n\t\t<\/section>\n\t\t\t\t<section class=\"elementor-section elementor-top-section elementor-element elementor-element-8bc5933 elementor-section-boxed elementor-section-height-default elementor-section-height-default\" data-id=\"8bc5933\" data-element_type=\"section\" data-e-type=\"section\">\n\t\t\t\t\t\t<div class=\"elementor-container elementor-column-gap-wide\">\n\t\t\t\t\t<div class=\"elementor-column elementor-col-50 elementor-top-column elementor-element elementor-element-5c9a178\" data-id=\"5c9a178\" data-element_type=\"column\" data-e-type=\"column\">\n\t\t\t<div class=\"elementor-widget-wrap elementor-element-populated\">\n\t\t\t\t\t\t<div class=\"elementor-element elementor-element-2b7989f elementor-widget elementor-widget-heading\" data-id=\"2b7989f\" data-element_type=\"widget\" data-e-type=\"widget\" data-widget_type=\"heading.default\">\n\t\t\t\t<div class=\"elementor-widget-container\">\n\t\t\t\t\t<h2 class=\"elementor-heading-title elementor-size-default\"><a href=\"https:\/\/www.livalor.com\/de\/publikationen\/\">Publikationen<\/a><\/h2>\t\t\t\t<\/div>\n\t\t\t\t<\/div>\n\t\t\t\t<div class=\"elementor-element elementor-element-145652c elementor-grid-1 elementor-grid-tablet-2 elementor-grid-mobile-1 elementor-posts--thumbnail-top elementor-widget elementor-widget-posts\" data-id=\"145652c\" data-element_type=\"widget\" data-e-type=\"widget\" data-settings=\"{&quot;classic_columns&quot;:&quot;1&quot;,&quot;classic_columns_tablet&quot;:&quot;2&quot;,&quot;classic_columns_mobile&quot;:&quot;1&quot;,&quot;classic_row_gap&quot;:{&quot;unit&quot;:&quot;px&quot;,&quot;size&quot;:35,&quot;sizes&quot;:[]},&quot;classic_row_gap_tablet&quot;:{&quot;unit&quot;:&quot;px&quot;,&quot;size&quot;:&quot;&quot;,&quot;sizes&quot;:[]},&quot;classic_row_gap_mobile&quot;:{&quot;unit&quot;:&quot;px&quot;,&quot;size&quot;:&quot;&quot;,&quot;sizes&quot;:[]}}\" data-widget_type=\"posts.classic\">\n\t\t\t\t<div class=\"elementor-widget-container\">\n\t\t\t\t\t\t\t<div class=\"elementor-posts-container elementor-posts elementor-posts--skin-classic elementor-grid\" role=\"list\">\n\t\t\t\t<article class=\"elementor-post elementor-grid-item post-1497 post type-post status-publish format-standard has-post-thumbnail hentry category-unkategorisiert\" role=\"listitem\">\n\t\t\t\t<a class=\"elementor-post__thumbnail__link\" href=\"https:\/\/www.livalor.com\/de\/wenn-kuenstliche-intelligenz-das-makroregime-neu-schreibt\/\" tabindex=\"-1\">\n\t\t\t<div class=\"elementor-post__thumbnail\"><img decoding=\"async\" width=\"768\" height=\"384\" src=\"https:\/\/www.livalor.com\/wp-content\/uploads\/2019\/08\/beitrag-boerse-768x384.jpg\" class=\"attachment-medium size-medium wp-image-134\" alt srcset=\"https:\/\/www.livalor.com\/wp-content\/uploads\/2019\/08\/beitrag-boerse-768x384.jpg 768w, https:\/\/www.livalor.com\/wp-content\/uploads\/2019\/08\/beitrag-boerse-1024x512.jpg 1024w, https:\/\/www.livalor.com\/wp-content\/uploads\/2019\/08\/beitrag-boerse.jpg 1200w\" sizes=\"(max-width: 768px) 100vw, 768px\"><\/div>\n\t\t<\/a>\n\t\t\t\t<div class=\"elementor-post__text\">\n\t\t\t\t<h3 class=\"elementor-post__title\">\n\t\t\t<a href=\"https:\/\/www.livalor.com\/de\/wenn-kuenstliche-intelligenz-das-makroregime-neu-schreibt\/\">\n\t\t\t\tWenn K\u00fcnstliche Intelligenz das Makroregime neu schreibt&nbsp;<\/a>\n\t\t<\/h3>\n\t\t\t\t<div class=\"elementor-post__meta-data\">\n\t\t\t\t\t<span class=\"elementor-post-date\">\n\t\t\t17. M\u00e4rz&nbsp;2026&nbsp;<\/span>\n\t\t\t\t<\/div>\n\t\t\t\t<div class=\"elementor-post__excerpt\">\n\t\t\t<p><span class=\"caps\">FLASH<\/span> \u2013 <span class=\"caps\">REPORT<\/span> Nr. 1 \/&nbsp;2026 Der mili\u00adt\u00e4\u00adri\u00adsche Konflikt im Nahen Osten hat sich zuletzt deut\u00adlich \u00fcber die Konfrontation zwischen den <span class=\"caps\">USA<\/span>, Israel und dem Iran ausge\u00adwei\u00adtet und f\u00fchrte an den Finanzm\u00e4rkten zu erheb\u00adli\u00adcher Unsicherheit \u2013 mit sp\u00fcr\u00adba\u00adren Korrekturen an den globa\u00adlen Aktienm\u00e4rkten sowie markant h\u00f6he\u00adren Notierungen beim \u00d6lpreis. Dieser zog sp\u00fcr\u00adbar an, da Investoren<\/p>\n\t\t<\/div>\n\t\t\n\t\t<a class=\"elementor-post__read-more\" href=\"https:\/\/www.livalor.com\/de\/wenn-kuenstliche-intelligenz-das-makroregime-neu-schreibt\/\" aria-label=\"Mehr \u00fcber Wenn K\u00fcnstliche Intelligenz das Makroregime neu schreibt\" tabindex=\"-1\">\n\t\t\tErfahren Sie&nbsp;mehr&nbsp;<\/a>\n\n\t\t\t\t<\/div>\n\t\t\t\t<\/article>\n\t\t\t\t<\/div>\n\t\t\n\t\t\t\t\t\t<\/div>\n\t\t\t\t<\/div>\n\t\t\t\t\t<\/div>\n\t\t<\/div>\n\t\t\t\t<div class=\"elementor-column elementor-col-50 elementor-top-column elementor-element elementor-element-1ee1302\" data-id=\"1ee1302\" data-element_type=\"column\" data-e-type=\"column\">\n\t\t\t<div class=\"elementor-widget-wrap elementor-element-populated\">\n\t\t\t\t\t\t<div class=\"elementor-element elementor-element-a3b20f2 elementor-widget elementor-widget-heading\" data-id=\"a3b20f2\" data-element_type=\"widget\" data-e-type=\"widget\" data-widget_type=\"heading.default\">\n\t\t\t\t<div class=\"elementor-widget-container\">\n\t\t\t\t\t<h2 class=\"elementor-heading-title elementor-size-default\"><a href=\"https:\/\/www.livalor.com\/de\/ueber-uns\/\">\u00dcber uns<\/a><\/h2>\t\t\t\t<\/div>\n\t\t\t\t<\/div>\n\t\t\t\t<div class=\"elementor-element elementor-element-925ca89 elementor-widget elementor-widget-image\" data-id=\"925ca89\" data-element_type=\"widget\" data-e-type=\"widget\" data-widget_type=\"image.default\">\n\t\t\t\t<div class=\"elementor-widget-container\">\n\t\t\t\t\t\t\t\t\t\t\t\t\t\t\t\t<a href=\"https:\/\/www.livalor.com\/de\/ueber-uns\/\">\n\t\t\t\t\t\t\t<img decoding=\"async\" width=\"768\" height=\"236\" src=\"https:\/\/www.livalor.com\/wp-content\/uploads\/2019\/09\/titel-ueber-uns-livalor-vermoegen-768x236.jpg\" class=\"attachment-medium size-medium wp-image-289\" alt srcset=\"https:\/\/www.livalor.com\/wp-content\/uploads\/2019\/09\/titel-ueber-uns-livalor-vermoegen-768x236.jpg 768w, https:\/\/www.livalor.com\/wp-content\/uploads\/2019\/09\/titel-ueber-uns-livalor-vermoegen-1024x315.jpg 1024w, https:\/\/www.livalor.com\/wp-content\/uploads\/2019\/09\/titel-ueber-uns-livalor-vermoegen.jpg 1300w\" sizes=\"(max-width: 768px) 100vw, 768px\">\t\t\t\t\t\t\t\t<\/a>\n\t\t\t\t\t\t\t\t\t\t\t\t\t\t\t<\/div>\n\t\t\t\t<\/div>\n\t\t\t\t<div class=\"elementor-element elementor-element-80f8e88 elementor-widget elementor-widget-text-editor\" data-id=\"80f8e88\" data-element_type=\"widget\" data-e-type=\"widget\" data-widget_type=\"text-editor.default\">\n\t\t\t\t<div class=\"elementor-widget-container\">\n\t\t\t\t\t\t\t\t\t<p>Livalor Verm\u00f6gensverwaltung <span class=\"caps\">AG<\/span> ist an den Standorten Vaduz und Z\u00fcrich vertre\u00adten. Werte, Tradition und unab\u00adh\u00e4n\u00adgige Verm\u00f6gensberatung genie\u00adssen bei uns einen hohen Stellenwert.<\/p><p><a href=\"https:\/\/www.livalor.com\/ueber-uns\/\">Erfahren Sie&nbsp;mehr<\/a><\/p>\t\t\t\t\t\t\t\t<\/div>\n\t\t\t\t<\/div>\n\t\t\t\t\t<\/div>\n\t\t<\/div>\n\t\t\t\t\t<\/div>\n\t\t<\/section>\n\t\t\t\t<section class=\"elementor-section elementor-top-section elementor-element elementor-element-b39e0e8 elementor-hidden-phone elementor-section-boxed elementor-section-height-default elementor-section-height-default\" data-id=\"b39e0e8\" data-element_type=\"section\" data-e-type=\"section\">\n\t\t\t\t\t\t<div class=\"elementor-container elementor-column-gap-default\">\n\t\t\t\t\t<div class=\"elementor-column elementor-col-100 elementor-top-column elementor-element elementor-element-4c9b5ef\" data-id=\"4c9b5ef\" data-element_type=\"column\" data-e-type=\"column\">\n\t\t\t<div class=\"elementor-widget-wrap elementor-element-populated\">\n\t\t\t\t\t\t<div class=\"elementor-element elementor-element-52e9a55 elementor-widget elementor-widget-shortcode\" data-id=\"52e9a55\" data-element_type=\"widget\" data-e-type=\"widget\" data-widget_type=\"shortcode.default\">\n\t\t\t\t<div class=\"elementor-widget-container\">\n\t\t\t\t\t\t\t<div class=\"elementor-shortcode\">\t\t<div data-elementor-type=\"section\" data-elementor-id=\"112\" class=\"elementor elementor-112\" data-elementor-post-type=\"elementor_library\">\n\t\t\t\t\t<section class=\"elementor-section elementor-top-section elementor-element elementor-element-8133b8e elementor-section-boxed elementor-section-height-default elementor-section-height-default\" data-id=\"8133b8e\" data-element_type=\"section\" data-e-type=\"section\">\n\t\t\t\t\t\t<div class=\"elementor-container elementor-column-gap-default\">\n\t\t\t\t\t<div class=\"elementor-column elementor-col-100 elementor-top-column elementor-element elementor-element-9840cb1\" data-id=\"9840cb1\" data-element_type=\"column\" data-e-type=\"column\">\n\t\t\t<div class=\"elementor-widget-wrap elementor-element-populated\">\n\t\t\t\t\t\t<div class=\"elementor-element elementor-element-71ed62d elementor-widget-divider--view-line elementor-widget elementor-widget-divider\" data-id=\"71ed62d\" data-element_type=\"widget\" data-e-type=\"widget\" data-widget_type=\"divider.default\">\n\t\t\t\t<div class=\"elementor-widget-container\">\n\t\t\t\t\t\t\t<div class=\"elementor-divider\">\n\t\t\t<span class=\"elementor-divider-separator\">\n\t\t\t\t\t\t<\/span>\n\t\t<\/div>\n\t\t\t\t\t\t<\/div>\n\t\t\t\t<\/div>\n\t\t\t\t\t<\/div>\n\t\t<\/div>\n\t\t\t\t\t<\/div>\n\t\t<\/section>\n\t\t\t\t<\/div>\n\t\t<\/div>\n\t\t\t\t\t\t<\/div>\n\t\t\t\t<\/div>\n\t\t\t\t\t<\/div>\n\t\t<\/div>\n\t\t\t\t\t<\/div>\n\t\t<\/section>\n\t\t\t\t<\/div>\n\t\t","protected":false},"excerpt":{"rendered":"<p><span class=\"caps\">UNSERE<\/span> <span class=\"caps\">STRATEGIE<\/span> <span class=\"caps\">IHR<\/span> <span class=\"caps\">VERTRAUEN<\/span> Ihr Nutzen Basierend auf Ihren Bed\u00fcrfnissen erar\u00adbei\u00adten wir gemein\u00adsam die auf Sie zuge\u00adschnit\u00adtene Anlagestrategie. Dar\u00fcber hinaus k\u00f6nnen Sie in s\u00e4mt\u00adli\u00adchen Finanzfragen auf unsere Expertise und Erfahrung z\u00e4hlen und von unse\u00adrem Netzwerk profi\u00adtie\u00adren. Erfahren Sie&nbsp;mehr Anlagephilosophie Unser Investitionsansatz basiert auf soli\u00adder und zuver\u00adl\u00e4s\u00adsi\u00adger Anlageallokation, erg\u00e4nzt durch eine strin\u00adgente Selektion geeig\u00adne\u00adter Investitionen. Erfahren&nbsp;[\u2026]<\/p>\n","protected":false},"author":1,"featured_media":0,"parent":0,"menu_order":5,"comment_status":"closed","ping_status":"closed","template":"","meta":{"_seopress_robots_primary_cat":"","_seopress_titles_title":"Livalor Verm\u00f6gensverwaltung Liechtenstein","_seopress_titles_desc":"Unsere Strategie, Ihr Vertrauen - Individuelle passen wir unsere Anlagestrategie auf die Bed\u00fcrfnisse unserer Kunden an.","_seopress_robots_index":"","wp_typography_post_enhancements_disabled":false,"site-sidebar-layout":"no-sidebar","site-content-layout":"page-builder","ast-site-content-layout":"default","site-content-style":"default","site-sidebar-style":"default","ast-global-header-display":"","ast-banner-title-visibility":"","ast-main-header-display":"","ast-hfb-above-header-display":"","ast-hfb-below-header-display":"","ast-hfb-mobile-header-display":"","site-post-title":"disabled","ast-breadcrumbs-content":"","ast-featured-img":"disabled","footer-sml-layout":"","ast-disable-related-posts":"","theme-transparent-header-meta":"default","adv-header-id-meta":"","stick-header-meta":"default","header-above-stick-meta":"","header-main-stick-meta":"","header-below-stick-meta":"","astra-migrate-meta-layouts":"default","ast-page-background-enabled":"default","ast-page-background-meta":{"desktop":{"background-color":"","background-image":"","background-repeat":"repeat","background-position":"center center","background-size":"auto","background-attachment":"scroll","background-type":"","background-media":"","overlay-type":"","overlay-color":"","overlay-opacity":"","overlay-gradient":""},"tablet":{"background-color":"","background-image":"","background-repeat":"repeat","background-position":"center center","background-size":"auto","background-attachment":"scroll","background-type":"","background-media":"","overlay-type":"","overlay-color":"","overlay-opacity":"","overlay-gradient":""},"mobile":{"background-color":"","background-image":"","background-repeat":"repeat","background-position":"center center","background-size":"auto","background-attachment":"scroll","background-type":"","background-media":"","overlay-type":"","overlay-color":"","overlay-opacity":"","overlay-gradient":""}},"ast-content-background-meta":{"desktop":{"background-color":"var(--ast-global-color-5)","background-image":"","background-repeat":"repeat","background-position":"center center","background-size":"auto","background-attachment":"scroll","background-type":"","background-media":"","overlay-type":"","overlay-color":"","overlay-opacity":"","overlay-gradient":""},"tablet":{"background-color":"var(--ast-global-color-5)","background-image":"","background-repeat":"repeat","background-position":"center center","background-size":"auto","background-attachment":"scroll","background-type":"","background-media":"","overlay-type":"","overlay-color":"","overlay-opacity":"","overlay-gradient":""},"mobile":{"background-color":"var(--ast-global-color-5)","background-image":"","background-repeat":"repeat","background-position":"center center","background-size":"auto","background-attachment":"scroll","background-type":"","background-media":"","overlay-type":"","overlay-color":"","overlay-opacity":"","overlay-gradient":""}},"footnotes":""},"class_list":["post-45","page","type-page","status-publish","hentry"],"_links":{"self":[{"href":"https:\/\/www.livalor.com\/de\/wp-json\/wp\/v2\/pages\/45","targetHints":{"allow":["GET"]}}],"collection":[{"href":"https:\/\/www.livalor.com\/de\/wp-json\/wp\/v2\/pages"}],"about":[{"href":"https:\/\/www.livalor.com\/de\/wp-json\/wp\/v2\/types\/page"}],"author":[{"embeddable":true,"href":"https:\/\/www.livalor.com\/de\/wp-json\/wp\/v2\/users\/1"}],"replies":[{"embeddable":true,"href":"https:\/\/www.livalor.com\/de\/wp-json\/wp\/v2\/comments?post=45"}],"version-history":[{"count":5,"href":"https:\/\/www.livalor.com\/de\/wp-json\/wp\/v2\/pages\/45\/revisions"}],"predecessor-version":[{"id":1406,"href":"https:\/\/www.livalor.com\/de\/wp-json\/wp\/v2\/pages\/45\/revisions\/1406"}],"wp:attachment":[{"href":"https:\/\/www.livalor.com\/de\/wp-json\/wp\/v2\/media?parent=45"}],"curies":[{"name":"wp","href":"https:\/\/api.w.org\/{rel}","templated":true}]}}