{"id":53,"date":"2019-08-16T11:00:28","date_gmt":"2019-08-16T09:00:28","guid":{"rendered":"https:\/\/www.livalor.com\/impressum\/"},"modified":"2019-10-17T10:09:11","modified_gmt":"2019-10-17T08:09:11","slug":"impressum","status":"publish","type":"page","link":"https:\/\/www.livalor.com\/de\/impressum\/","title":{"rendered":"Impressum"},"content":{"rendered":"\n<h2 class=\"wp-block-heading\">Livalor Verm\u00f6gensverwaltung <span class=\"caps\">AG<\/span><\/h2>\n\n\n\n<div class=\"wp-block-columns has-2-columns is-layout-flex wp-container-core-columns-is-layout-28f84493 wp-block-columns-is-layout-flex\">\n<div class=\"wp-block-column is-layout-flow wp-block-column-is-layout-flow\">\n<p>Schmedgass 6<br>Postfach 708<br>9490 Vaduz<br>Liechtenstein<br>T +423 239 76 30<br><a href=\"mailto:info@livalor.com\">info@livalor.com<\/a><\/p>\n\n\n\n<p>HR-Nr.: <span class=\"caps\">FL-0002<\/span>.486.339<br>MwST-Nr.: 58&nbsp;951<\/p>\n<\/div>\n\n\n\n<div class=\"wp-block-column is-layout-flow wp-block-column-is-layout-flow\">\n<p>Wilfriedstrasse 7<br>8032 Z\u00fcrich<br>Schweiz<br>T +41 43 344 97 44<br><a href=\"mailto:info@livalor.com\">info@livalor.com<\/a><\/p>\n\n\n\n<p>HR-Nr.: <span class=\"caps\">CH-020<\/span>.3.037.237-7<br>MwST-Nr.: <span class=\"caps\">CH-264<\/span>.757.259<\/p>\n<\/div>\n<\/div>\n\n\n\n<p>Copyright Livalor Verm\u00f6gensverwaltung <span class=\"caps\">AG<\/span>, alle Rechte vorbehalten.<\/p>\n\n\n\n<h3 class=\"wp-block-heading\">Rechtlicher Hinweis<\/h3>\n\n\n\n<p>Personen, welche die auf dem World Wide Web publi\u00adzier\u00adten Informationen der Livalor Verm\u00f6gensverwaltung <span class=\"caps\">AG<\/span> abru\u00adfen, erkl\u00e4\u00adren sich mit den nach\u00adste\u00adhen\u00adden Nutzungsbedingungen einverstanden:<\/p>\n\n\n\n<ul class=\"wp-block-list\"><li>Die auf den Livalor-Webseiten publi\u00adzier\u00adten Informationen begr\u00fcn\u00adden weder eine Aufforderung noch ein Angebot oder eine Empfehlung zum Erwerb eines von uns ange\u00adbo\u00adte\u00adnen Produkts oder eine Beanspruchung einer unse\u00adrer Dienstleistungen. Sie erset\u00adzen nicht die Beratung durch unsere Berater.<\/li><li>Der Inhalt der Livalor-Webseiten ist nicht f\u00fcr Personen bestimmt, die einer Rechtsordnung unter\u00adste\u00adhen, die die Ver\u00f6ffentlichung der oder den Zugang zu den Livalor-Webseiten verbie\u00adtet, aus welchen Gr\u00fcnden auch immer. Personen, die solchen gesetz\u00adli\u00adchen Beschr\u00e4nkungen unter\u00adlie\u00adgen, ist der Zugriff auf die ver\u00f6f\u00adfent\u00adlich\u00adten Informationen nicht gestattet.<\/li><li>Die hier ver\u00f6f\u00adfent\u00adlich\u00adten Informationen werden von Livalor unter Beachtung gr\u00f6sst\u00adm\u00f6g\u00adli\u00adcher Sorgfalt zusam\u00admen\u00adge\u00adstellt. Die Livalor \u00fcber\u00adnimmt jedoch keine Gew\u00e4hr f\u00fcr die Korrektheit, Vollst\u00e4ndigkeit und Aktualit\u00e4t der auf den Webseiten ange\u00adbo\u00adte\u00adnen Informationen. Der Inhalt der Webseiten kann jeder\u00adzeit und ohne vorhe\u00adrige Ank\u00fcndigungen ge\u00e4n\u00addert werden. Die zur Verf\u00fcgung gestell\u00adten Informationen stel\u00adlen kein verbind\u00adli\u00adches Angebot dar und erset\u00adzen nicht eine Beratung durch unser quali\u00adfi\u00adzier\u00adtes Personal.<\/li><li>Livalor haftet in keinem Fall, auch nicht bei Fahrl\u00e4ssigkeit, f\u00fcr Verluste oder Sch\u00e4den, sowohl direkte als auch Folgesch\u00e4den, irgend\u00adwel\u00adcher Art, die aus oder im Zusammenhang mit einem Zugriff, der Benutzung oder der Abfrage der Livalor-Webseiten oder mit der Verkn\u00fcpfung der Livalor-Webseiten mit Webseiten Dritter (Links) entste\u00adhen k\u00f6nnten.<\/li><li>Der gesamte Inhalt, inklu\u00adsive die zum Download ange\u00adbo\u00adte\u00adnen Informationen, sind urhe\u00adber\u00adrecht\u00adlich gesch\u00fctzt. Alle Rechte sind vorbe\u00adhal\u00adten. Die voll\u00adst\u00e4n\u00addige oder teil\u00adweise Reproduktion, die elek\u00adtro\u00adni\u00adsche oder mit ande\u00adren Mitteln erfolgte \u00dcbermittlung, die Modifikation oder die Benutzung f\u00fcr \u00f6ffent\u00adli\u00adche oder kommer\u00adzi\u00adelle Zwecke ist ohne vorhe\u00adrige schrift\u00adli\u00adche Zustimmung seitens der Livalor untersagt.<\/li><li>Livalor \u00fcber\u00adnimmt f\u00fcr den Inhalt und das Angebot von exter\u00adnen Webseiten, auf die &nbsp;mittels Link auf der Livalor-Webseite hinge\u00adwie\u00adsen wird, keiner\u00adlei Verantwortung.<\/li><li>Der Abruf von Informationen von Webseiten im Internet erfolgt \u00fcber ein \u00f6ffent\u00adlich zug\u00e4ng\u00adli\u00adches Netz. Via Internet \u00fcber\u00admit\u00adtelte Daten k\u00f6nnen daher durch unbe\u00adrech\u00adtigte Dritte einge\u00adse\u00adhen werden. Zudem kann die \u00dcbermittlung \u00fcber die Landesgrenzen hinaus erfol\u00adgen, selbst wenn sich der Informations\u00fcbermittler sowie der Informationsempf\u00e4nger im glei\u00adchen Land befin\u00adden. F\u00fcr die Sicherheit der Daten des Abrufers kann&nbsp;Livalor keiner\u00adlei Verantwortung oder Haftung \u00fcbernehmen.<\/li><\/ul>\n\n\n\n<h3 class=\"wp-block-heading\">Internetl\u00f6sung<\/h3>\n\n\n\n<p><strong>crea\u00adti\u00adve\u00adme\u00addia <span class=\"caps\">AG<\/span><br><\/strong> Im alten Riet 153<br> 9494 Schaan<br> Liechtenstein<br><a href=\"https:\/\/www.creativemedia.li\/\" target=\"_blank\" rel=\"noreferrer noopener\" aria-label=\" www.creativemedia.li (\u00f6ffnet in neuem Tab)\"> www.creativemedia.li<\/a><\/p>\n","protected":false},"excerpt":{"rendered":"<p>Livalor Verm\u00f6gensverwaltung <span class=\"caps\">AG<\/span> Schmedgass 6Postfach 7089490 VaduzLiechtensteinT +423 239 76 30info@livalor.com HR-Nr.: <span class=\"caps\">FL-0002<\/span>.486.339MwST-Nr.: 58&nbsp;951 Wilfriedstrasse 78032 Z\u00fcrichSchweizT +41 43 344 97 44info@livalor.com HR-Nr.: <span class=\"caps\">CH-020<\/span>.3.037.237-7MwST-Nr.: <span class=\"caps\">CH-264<\/span>.757.259 Copyright Livalor Verm\u00f6gensverwaltung <span class=\"caps\">AG<\/span>, alle Rechte vorbe\u00adhal\u00adten. Rechtlicher Hinweis Personen, welche die auf dem World Wide Web publi\u00adzier\u00adten Informationen der Livalor Verm\u00f6gensverwaltung <span class=\"caps\">AG<\/span> abru\u00adfen, erkl\u00e4\u00adren sich mit den nach\u00adste\u00adhen\u00adden Nutzungsbedingungen&nbsp;[\u2026]<\/p>\n","protected":false},"author":1,"featured_media":0,"parent":0,"menu_order":13,"comment_status":"closed","ping_status":"closed","template":"","meta":{"_seopress_robots_primary_cat":"","_seopress_titles_title":"Impressum - Livalor Verm\u00f6gensverwaltung AG","_seopress_titles_desc":"Impressum und rechtlicher Hinweis Livalor Verm\u00f6gensverwaltung AG Vaduz und Z\u00fcrich.","_seopress_robots_index":"yes","wp_typography_post_enhancements_disabled":false,"site-sidebar-layout":"default","site-content-layout":"plain-container","ast-site-content-layout":"default","site-content-style":"default","site-sidebar-style":"default","ast-global-header-display":"","ast-banner-title-visibility":"","ast-main-header-display":"","ast-hfb-above-header-display":"","ast-hfb-below-header-display":"","ast-hfb-mobile-header-display":"","site-post-title":"","ast-breadcrumbs-content":"","ast-featured-img":"","footer-sml-layout":"","ast-disable-related-posts":"","theme-transparent-header-meta":"default","adv-header-id-meta":"","stick-header-meta":"default","header-above-stick-meta":"","header-main-stick-meta":"","header-below-stick-meta":"","astra-migrate-meta-layouts":"default","ast-page-background-enabled":"default","ast-page-background-meta":{"desktop":{"background-color":"","background-image":"","background-repeat":"repeat","background-position":"center center","background-size":"auto","background-attachment":"scroll","background-type":"","background-media":"","overlay-type":"","overlay-color":"","overlay-opacity":"","overlay-gradient":""},"tablet":{"background-color":"","background-image":"","background-repeat":"repeat","background-position":"center center","background-size":"auto","background-attachment":"scroll","background-type":"","background-media":"","overlay-type":"","overlay-color":"","overlay-opacity":"","overlay-gradient":""},"mobile":{"background-color":"","background-image":"","background-repeat":"repeat","background-position":"center center","background-size":"auto","background-attachment":"scroll","background-type":"","background-media":"","overlay-type":"","overlay-color":"","overlay-opacity":"","overlay-gradient":""}},"ast-content-background-meta":{"desktop":{"background-color":"var(--ast-global-color-5)","background-image":"","background-repeat":"repeat","background-position":"center center","background-size":"auto","background-attachment":"scroll","background-type":"","background-media":"","overlay-type":"","overlay-color":"","overlay-opacity":"","overlay-gradient":""},"tablet":{"background-color":"var(--ast-global-color-5)","background-image":"","background-repeat":"repeat","background-position":"center center","background-size":"auto","background-attachment":"scroll","background-type":"","background-media":"","overlay-type":"","overlay-color":"","overlay-opacity":"","overlay-gradient":""},"mobile":{"background-color":"var(--ast-global-color-5)","background-image":"","background-repeat":"repeat","background-position":"center center","background-size":"auto","background-attachment":"scroll","background-type":"","background-media":"","overlay-type":"","overlay-color":"","overlay-opacity":"","overlay-gradient":""}},"footnotes":""},"class_list":["post-53","page","type-page","status-publish","hentry"],"_links":{"self":[{"href":"https:\/\/www.livalor.com\/de\/wp-json\/wp\/v2\/pages\/53","targetHints":{"allow":["GET"]}}],"collection":[{"href":"https:\/\/www.livalor.com\/de\/wp-json\/wp\/v2\/pages"}],"about":[{"href":"https:\/\/www.livalor.com\/de\/wp-json\/wp\/v2\/types\/page"}],"author":[{"embeddable":true,"href":"https:\/\/www.livalor.com\/de\/wp-json\/wp\/v2\/users\/1"}],"replies":[{"embeddable":true,"href":"https:\/\/www.livalor.com\/de\/wp-json\/wp\/v2\/comments?post=53"}],"version-history":[{"count":8,"href":"https:\/\/www.livalor.com\/de\/wp-json\/wp\/v2\/pages\/53\/revisions"}],"predecessor-version":[{"id":629,"href":"https:\/\/www.livalor.com\/de\/wp-json\/wp\/v2\/pages\/53\/revisions\/629"}],"wp:attachment":[{"href":"https:\/\/www.livalor.com\/de\/wp-json\/wp\/v2\/media?parent=53"}],"curies":[{"name":"wp","href":"https:\/\/api.w.org\/{rel}","templated":true}]}}