{"id":729,"date":"2019-10-03T16:43:34","date_gmt":"2019-10-03T14:43:34","guid":{"rendered":"https:\/\/www.livalor.com\/contact\/"},"modified":"2024-09-12T19:12:13","modified_gmt":"2024-09-12T17:12:13","slug":"contact","status":"publish","type":"page","link":"https:\/\/www.livalor.com\/en\/contact\/","title":{"rendered":"Contact"},"content":{"rendered":"\t\t<div data-elementor-type=\"wp-page\" data-elementor-id=\"729\" class=\"elementor elementor-729 elementor-44\" data-elementor-post-type=\"page\">\n\t\t\t\t\t\t<section class=\"elementor-section elementor-top-section elementor-element elementor-element-2c1fb21 elementor-section-boxed elementor-section-height-default elementor-section-height-default\" data-id=\"2c1fb21\" data-element_type=\"section\" data-e-type=\"section\">\n\t\t\t\t\t\t<div class=\"elementor-container elementor-column-gap-no\">\n\t\t\t\t\t<div class=\"elementor-column elementor-col-100 elementor-top-column elementor-element elementor-element-2ff695a5\" data-id=\"2ff695a5\" data-element_type=\"column\" data-e-type=\"column\">\n\t\t\t<div class=\"elementor-widget-wrap elementor-element-populated\">\n\t\t\t\t\t\t<div class=\"elementor-element elementor-element-2561f97e elementor-widget elementor-widget-image\" data-id=\"2561f97e\" data-element_type=\"widget\" data-e-type=\"widget\" data-widget_type=\"image.default\">\n\t\t\t\t<div class=\"elementor-widget-container\">\n\t\t\t\t\t\t\t\t\t\t\t\t\t\t\t<img fetchpriority=\"high\" decoding=\"async\" width=\"1300\" height=\"400\" src=\"https:\/\/www.livalor.com\/wp-content\/uploads\/2019\/09\/titelbild-kontakt.jpg\" class=\"attachment-full size-full wp-image-679\" alt srcset=\"https:\/\/www.livalor.com\/wp-content\/uploads\/2019\/09\/titelbild-kontakt.jpg 1300w, https:\/\/www.livalor.com\/wp-content\/uploads\/2019\/09\/titelbild-kontakt-768x236.jpg 768w, https:\/\/www.livalor.com\/wp-content\/uploads\/2019\/09\/titelbild-kontakt-1024x315.jpg 1024w\" sizes=\"(max-width: 1300px) 100vw, 1300px\">\t\t\t\t\t\t\t\t\t\t\t\t\t\t\t<\/div>\n\t\t\t\t<\/div>\n\t\t\t\t\t<\/div>\n\t\t<\/div>\n\t\t\t\t\t<\/div>\n\t\t<\/section>\n\t\t\t\t<section class=\"elementor-section elementor-top-section elementor-element elementor-element-64bce3fe elementor-section-boxed elementor-section-height-default elementor-section-height-default\" data-id=\"64bce3fe\" data-element_type=\"section\" data-e-type=\"section\">\n\t\t\t\t\t\t<div class=\"elementor-container elementor-column-gap-wide\">\n\t\t\t\t\t<div class=\"elementor-column elementor-col-100 elementor-top-column elementor-element elementor-element-41f0a6d8\" data-id=\"41f0a6d8\" data-element_type=\"column\" data-e-type=\"column\">\n\t\t\t<div class=\"elementor-widget-wrap elementor-element-populated\">\n\t\t\t\t\t\t<div class=\"elementor-element elementor-element-7684451d elementor-widget elementor-widget-heading\" data-id=\"7684451d\" data-element_type=\"widget\" data-e-type=\"widget\" data-widget_type=\"heading.default\">\n\t\t\t\t<div class=\"elementor-widget-container\">\n\t\t\t\t\t<h1 class=\"elementor-heading-title elementor-size-default\">Contact<\/h1>\t\t\t\t<\/div>\n\t\t\t\t<\/div>\n\t\t\t\t<section class=\"elementor-section elementor-inner-section elementor-element elementor-element-8b9f65b elementor-columns-alignment-fix-enabled elementor-section-boxed elementor-section-height-default elementor-section-height-default\" data-id=\"8b9f65b\" data-element_type=\"section\" data-e-type=\"section\">\n\t\t\t\t\t\t<div class=\"elementor-container elementor-column-gap-wide\">\n\t\t\t\t\t<div class=\"elementor-column elementor-col-50 elementor-inner-column elementor-element elementor-element-a174a1d\" data-id=\"a174a1d\" data-element_type=\"column\" data-e-type=\"column\">\n\t\t\t<div class=\"elementor-widget-wrap elementor-element-populated\">\n\t\t\t\t\t\t<div class=\"elementor-element elementor-element-ec9ca98 elementor-widget elementor-widget-text-editor\" data-id=\"ec9ca98\" data-element_type=\"widget\" data-e-type=\"widget\" data-widget_type=\"text-editor.default\">\n\t\t\t\t<div class=\"elementor-widget-container\">\n\t\t\t\t\t\t\t\t\t<p><strong>Livalor Verm\u00f6gensverwaltung <span class=\"caps\">AG<\/span><\/strong><br>Schmedgass 6<br>9490 Vaduz<br>Liechtenstein<\/p>\n<p>T <a href=\"tel:+4232397630\">+423 239 76 30<\/a><br><a href=\"mailto:info@livalor.com\">info@livalor.com<\/a><\/p>\n\t\t\t\t\t\t\t\t<\/div>\n\t\t\t\t<\/div>\n\t\t\t\t<div class=\"elementor-element elementor-element-5483164 elementor-widget elementor-widget-image\" data-id=\"5483164\" data-element_type=\"widget\" data-e-type=\"widget\" data-widget_type=\"image.default\">\n\t\t\t\t<div class=\"elementor-widget-container\">\n\t\t\t\t\t\t\t\t\t\t\t\t\t\t\t\t<a href=\"https:\/\/www.google.com\/maps\/dir\/\/Schmedgass+6+9490+Vaduz+Liechtenstein\/@47.1414773,9.5200696,10z\/data=!4m8!4m7!1m0!1m5!1m1!1s0x479b31680a1fc88b:0xe6b4c641363b843b!2m2!1d9.5200696!2d47.1414773\" target=\"_blank\">\n\t\t\t\t\t\t\t<img decoding=\"async\" width=\"1024\" height=\"580\" src=\"https:\/\/www.livalor.com\/wp-content\/uploads\/2022\/05\/map-schmedgasse-6-n-1024x580.jpg\" class=\"attachment-large size-large wp-image-1136\" alt srcset=\"https:\/\/www.livalor.com\/wp-content\/uploads\/2022\/05\/map-schmedgasse-6-n-1024x580.jpg 1024w, https:\/\/www.livalor.com\/wp-content\/uploads\/2022\/05\/map-schmedgasse-6-n-768x435.jpg 768w, https:\/\/www.livalor.com\/wp-content\/uploads\/2022\/05\/map-schmedgasse-6-n.jpg 1060w\" sizes=\"(max-width: 1024px) 100vw, 1024px\">\t\t\t\t\t\t\t\t<\/a>\n\t\t\t\t\t\t\t\t\t\t\t\t\t\t\t<\/div>\n\t\t\t\t<\/div>\n\t\t\t\t<div class=\"elementor-element elementor-element-146540a bsm elementor-widget elementor-widget-text-editor\" data-id=\"146540a\" data-element_type=\"widget\" data-e-type=\"widget\" data-widget_type=\"text-editor.default\">\n\t\t\t\t<div class=\"elementor-widget-container\">\n\t\t\t\t\t\t\t\t\t<p><a href=\"#\">Complaints manage\u00adment<\/a><\/p>\n\t\t\t\t\t\t\t\t<\/div>\n\t\t\t\t<\/div>\n\t\t\t\t<div class=\"elementor-element elementor-element-7e94801 mwp elementor-widget elementor-widget-text-editor\" data-id=\"7e94801\" data-element_type=\"widget\" data-e-type=\"widget\" data-widget_type=\"text-editor.default\">\n\t\t\t\t<div class=\"elementor-widget-container\">\n\t\t\t\t\t\t\t\t\t<p><a href=\"#\">Participation Policy<\/a><\/p>\n\t\t\t\t\t\t\t\t<\/div>\n\t\t\t\t<\/div>\n\t\t\t\t\t<\/div>\n\t\t<\/div>\n\t\t\t\t<div class=\"elementor-column elementor-col-50 elementor-inner-column elementor-element elementor-element-91a86d8\" data-id=\"91a86d8\" data-element_type=\"column\" data-e-type=\"column\">\n\t\t\t<div class=\"elementor-widget-wrap elementor-element-populated\">\n\t\t\t\t\t\t<div class=\"elementor-element elementor-element-120b447 elementor-widget elementor-widget-text-editor\" data-id=\"120b447\" data-element_type=\"widget\" data-e-type=\"widget\" data-widget_type=\"text-editor.default\">\n\t\t\t\t<div class=\"elementor-widget-container\">\n\t\t\t\t\t\t\t\t\t<p><strong>Livalor Verm\u00f6gensverwaltung <span class=\"caps\">AG<\/span><\/strong><br>\nWilfriedstrasse 7<br>\n8032 Zurich<br>\nSwitzerland<\/p>\n<p>T <a href=\"tel:+41433449744\">+41 43 344 97&nbsp;44<\/a><br>\n<a href=\"mailto:info@livalor.com\">info@livalor.com<\/a><\/p>\n\t\t\t\t\t\t\t\t<\/div>\n\t\t\t\t<\/div>\n\t\t\t\t<div class=\"elementor-element elementor-element-16f0da9 elementor-widget elementor-widget-image\" data-id=\"16f0da9\" data-element_type=\"widget\" data-e-type=\"widget\" data-widget_type=\"image.default\">\n\t\t\t\t<div class=\"elementor-widget-container\">\n\t\t\t\t\t\t\t\t\t\t\t\t\t\t\t\t<a href=\"https:\/\/www.google.com\/maps\/dir\/\/Wilfriedstrasse+7+8032+Z%C3%BCrich+Schweiz\/@47.3700656,8.5546899,10z\/data=!4m8!4m7!1m0!1m5!1m1!1s0x479aa0b217507043:0x173eaf9d4b585f37!2m2!1d8.5546899!2d47.3700656\" target=\"_blank\">\n\t\t\t\t\t\t\t<img decoding=\"async\" width=\"1024\" height=\"580\" src=\"https:\/\/www.livalor.com\/wp-content\/uploads\/2022\/05\/map-wilfriedstrasse-7-n-1024x580.jpg\" class=\"attachment-large size-large wp-image-1138\" alt srcset=\"https:\/\/www.livalor.com\/wp-content\/uploads\/2022\/05\/map-wilfriedstrasse-7-n-1024x580.jpg 1024w, https:\/\/www.livalor.com\/wp-content\/uploads\/2022\/05\/map-wilfriedstrasse-7-n-768x435.jpg 768w, https:\/\/www.livalor.com\/wp-content\/uploads\/2022\/05\/map-wilfriedstrasse-7-n.jpg 1060w\" sizes=\"(max-width: 1024px) 100vw, 1024px\">\t\t\t\t\t\t\t\t<\/a>\n\t\t\t\t\t\t\t\t\t\t\t\t\t\t\t<\/div>\n\t\t\t\t<\/div>\n\t\t\t\t<div class=\"elementor-element elementor-element-2594efc elementor-widget elementor-widget-text-editor\" data-id=\"2594efc\" data-element_type=\"widget\" data-e-type=\"widget\" data-widget_type=\"text-editor.default\">\n\t\t\t\t<div class=\"elementor-widget-container\">\n\t\t\t\t\t\t\t\t\t<p>Livalor Asset Management Ltd is a finan\u00adcial insti\u00adtu\u00adtion affi\u00adlia\u00adted with FINcontrol Suisse <span class=\"caps\">AG<\/span> in accordance with the Financial Institutions Act (<span class=\"caps\">FINIG<\/span>) and is ther\u00ade\u00adfore subject to the ongo\u00ading super\u00advi\u00adsion of FINcontrol Suisse <span class=\"caps\">AG<\/span>. FINcontrol Suisse <span class=\"caps\">AG<\/span> is a super\u00advi\u00adsory orga\u00adnization under the Financial Market Supervision Act (<span class=\"caps\">FINMASA<\/span>).<\/p>\t\t\t\t\t\t\t\t<\/div>\n\t\t\t\t<\/div>\n\t\t\t\t<div class=\"elementor-element elementor-element-9a21b0d elementor-widget elementor-widget-image\" data-id=\"9a21b0d\" data-element_type=\"widget\" data-e-type=\"widget\" data-widget_type=\"image.default\">\n\t\t\t\t<div class=\"elementor-widget-container\">\n\t\t\t\t\t\t\t\t\t\t\t\t\t\t\t\t<a href=\"https:\/\/www.fincontrol.ch\/en\" target=\"_blank\">\n\t\t\t\t\t\t\t<img loading=\"lazy\" decoding=\"async\" width=\"200\" height=\"30\" src=\"https:\/\/www.livalor.com\/wp-content\/uploads\/2024\/09\/fincontrol-suisse-1.png\" class=\"attachment-full size-full wp-image-1356\" alt>\t\t\t\t\t\t\t\t<\/a>\n\t\t\t\t\t\t\t\t\t\t\t\t\t\t\t<\/div>\n\t\t\t\t<\/div>\n\t\t\t\t\t<\/div>\n\t\t<\/div>\n\t\t\t\t\t<\/div>\n\t\t<\/section>\n\t\t\t\t\t<\/div>\n\t\t<\/div>\n\t\t\t\t\t<\/div>\n\t\t<\/section>\n\t\t\t\t<section class=\"elementor-section elementor-top-section elementor-element elementor-element-74ed61e elementor-section-boxed elementor-section-height-default elementor-section-height-default\" data-id=\"74ed61e\" data-element_type=\"section\" data-e-type=\"section\">\n\t\t\t\t\t\t<div class=\"elementor-container elementor-column-gap-default\">\n\t\t\t\t\t<div class=\"elementor-column elementor-col-100 elementor-top-column elementor-element elementor-element-02db5fa\" data-id=\"02db5fa\" data-element_type=\"column\" data-e-type=\"column\">\n\t\t\t<div class=\"elementor-widget-wrap elementor-element-populated\">\n\t\t\t\t\t\t<div class=\"elementor-element elementor-element-79e9081 elementor-invisible elementor-widget elementor-widget-ee-offcanvas\" data-id=\"79e9081\" data-element_type=\"widget\" data-e-type=\"widget\" data-settings=\"{&quot;position&quot;:&quot;right&quot;,&quot;animation&quot;:&quot;overlay&quot;,&quot;trigger_source&quot;:&quot;class&quot;,&quot;trigger_class&quot;:&quot;bsm&quot;,&quot;anchor_navigation&quot;:&quot;yes&quot;,&quot;anchor_navigation_speed&quot;:{&quot;unit&quot;:&quot;px&quot;,&quot;size&quot;:500,&quot;sizes&quot;:[]},&quot;anchor_navigation_close&quot;:&quot;yes&quot;,&quot;refresh_widgets&quot;:&quot;yes&quot;}\" data-widget_type=\"ee-offcanvas.classic\">\n\t\t\t\t<div class=\"elementor-widget-container\">\n\t\t\t\t\t<div class=\"ee-offcanvas__content ee-offcanvas__content-79e9081\">\n\t\t\t\t\t\t<div class=\"ee-offcanvas__header ee-offcanvas__header-close--right ee-offcanvas__header--hide-title\">\n\t\t\t\t\t\t\t\t\t<h3 class=\"ee-offcanvas__header__title\">\n\t\t\t\t\t\tComplaints management&nbsp;<\/h3>\n\t\t\t\t\t\t\t\t\t\t\t\t\t<div class=\"ee-offcanvas__header__close\"><i class=\"eicon-close\"><\/i><\/div>\n\t\t\t\t\t\t\t<\/div>\n\t\t\t\t\t\t<div class=\"ee-offcanvas__content__item elementor-repeater-item-557b3a3\"><p>Es ist uns ein grosses Anliegen, unsere Kunden hinsicht\u00adlich ihrer Zielsetzungen, W\u00fcnsche und Bed\u00fcrfnisse in allen Belangen der Verm\u00f6gensverwaltung und Anlageberatung profes\u00adsio\u00adnell zu betreuen. Sollten Sie dennoch Grund f\u00fcr eine Beschwerde haben, werden wir dieser umge\u00adhend nachgehen.<\/p>\n<p>Sie k\u00f6nnen sich mit Ihrer Beschwerde, Ihrem Anliegen, Anregungen oder W\u00fcnschen im Zusammenhang mit der Verm\u00f6gensverwaltung oder Anlageberatung jeder\u00adzeit per Email an die folgende Stelle wenden:&nbsp;<a href=\"mailto:interne.revision@livalor.com?subject=Beschwerdemanagement\">interne.revision<span class=\"mailProtect\">@<\/span>livalor.com<\/a><\/p>\n<p>Selbstverst\u00e4ndlich k\u00f6nnen Sie sich auch anl\u00e4ss\u00adlich eines Besuches oder tele\u00adfo\u00adnisch an die Gesch\u00e4ftsleitung bzw. jeden Mitarbeiter der Livalor Verm\u00f6gensverwaltung <span class=\"caps\">AG<\/span> richten.<\/p>\n<p>Zudem haben Kunden die M\u00f6glichkeit, zus\u00e4tz\u00adlich mit ihren Anliegen an die Liechtensteinische Schlichtungsstelle, Dr. Peter Wolff, Rechtsanwalt, Mitteldorf 1, 9490 Vaduz, Liechtenstein, Tel. +423 238 10 31, E-Mail:&nbsp;<a href=\"mailto:info@schlichtungsstelle.li\">info<span class=\"mailProtect\">@<\/span>schlichtungsstelle.li&nbsp;<\/a>zu gelan\u00adgen. Wir empfeh\u00adlen, zun\u00e4chst unsere Stellungnahme abzuwarten.<\/p>\n<\/div>\t\t<\/div>\t\t\t\t<\/div>\n\t\t\t\t<\/div>\n\t\t\t\t\t<\/div>\n\t\t<\/div>\n\t\t\t\t\t<\/div>\n\t\t<\/section>\n\t\t\t\t<section class=\"elementor-section elementor-top-section elementor-element elementor-element-48bc435 elementor-section-boxed elementor-section-height-default elementor-section-height-default\" data-id=\"48bc435\" data-element_type=\"section\" data-e-type=\"section\">\n\t\t\t\t\t\t<div class=\"elementor-container elementor-column-gap-default\">\n\t\t\t\t\t<div class=\"elementor-column elementor-col-100 elementor-top-column elementor-element elementor-element-0cd93d7\" data-id=\"0cd93d7\" data-element_type=\"column\" data-e-type=\"column\">\n\t\t\t<div class=\"elementor-widget-wrap elementor-element-populated\">\n\t\t\t\t\t\t<div class=\"elementor-element elementor-element-766c2ee elementor-invisible elementor-widget elementor-widget-ee-offcanvas\" data-id=\"766c2ee\" data-element_type=\"widget\" data-e-type=\"widget\" data-settings=\"{&quot;position&quot;:&quot;right&quot;,&quot;animation&quot;:&quot;overlay&quot;,&quot;trigger_source&quot;:&quot;class&quot;,&quot;trigger_class&quot;:&quot;mwp&quot;,&quot;anchor_navigation&quot;:&quot;yes&quot;,&quot;anchor_navigation_speed&quot;:{&quot;unit&quot;:&quot;px&quot;,&quot;size&quot;:500,&quot;sizes&quot;:[]},&quot;anchor_navigation_close&quot;:&quot;yes&quot;,&quot;refresh_widgets&quot;:&quot;yes&quot;}\" data-widget_type=\"ee-offcanvas.classic\">\n\t\t\t\t<div class=\"elementor-widget-container\">\n\t\t\t\t\t<div class=\"ee-offcanvas__content ee-offcanvas__content-766c2ee\">\n\t\t\t\t\t\t<div class=\"ee-offcanvas__header ee-offcanvas__header-close--right ee-offcanvas__header--hide-title\">\n\t\t\t\t\t\t\t\t\t<h3 class=\"ee-offcanvas__header__title\">\n\t\t\t\t\t\tParticipation Policy&nbsp;<\/h3>\n\t\t\t\t\t\t\t\t\t\t\t\t\t<div class=\"ee-offcanvas__header__close\"><i class=\"eicon-close\"><\/i><\/div>\n\t\t\t\t\t\t\t<\/div>\n\t\t\t\t\t\t<div class=\"ee-offcanvas__content__item elementor-repeater-item-557b3a3\"><p>Livalor Asset Management Ltd. (herein\u00adaf\u00adter \u201cLivalor\u201d) falls under the term \u201casset mana\u00adger\u201d accor\u00adding to Art. 367a No. 3 of the Liechtenstein Persons and Companies Act (<span class=\"caps\">PGR<\/span>) and must ther\u00ade\u00adfore describe its parti\u00adci\u00adpa\u00adtion policy within the meaning of Art. 367h&nbsp;<span class=\"caps\">PGR<\/span>.<\/p>\n<ul>\n<li>Livalor does not exer\u00adcise any share\u00adhol\u00adder rights within the meaning of Article 367h Paragraph 1 Items 1 and 4 <span class=\"caps\">PGR<\/span> that are based on parti\u00adci\u00adpa\u00adtion in the compa\u00adnies in which Livalor has inve\u00adsted as part of asset manage\u00adment manda\u00adtes. In parti\u00adcu\u00adlar, no rights rela\u00adted to the gene\u00adral meetings of stock corpo\u00adra\u00adti\u00adons are exer\u00adcised. Livalor exer\u00adcises the right to a share of profits and subscrip\u00adtion rights in the econo\u00admic inte\u00adrests of the client.<\/li>\n<li>The moni\u00adto\u00adring of important company matters within the meaning of Article 367h, Paragraph 1, Item 2 of the <span class=\"caps\">PGR<\/span> is carried out by taking note of the statu\u00adtory report\u00ading by the compa\u00adnies in finan\u00adcial reports and ad hoc notifications.<\/li>\n<li>There is no exch\u00adange of views with the corpo\u00adrate bodies and stake\u00adhol\u00adders within the meaning of Article 367h Paragraph 1 Item 3&nbsp;<span class=\"caps\">PGR<\/span>.<\/li>\n<li>There is no colla\u00adbo\u00adra\u00adtion with other share\u00adhol\u00adders within the meaning of Article 367h Paragraph 1 Items 5 and 6&nbsp;<span class=\"caps\">PGR<\/span>.<\/li>\n<li>In the event of conflicts of inte\u00adrest within the meaning of Article 367h Paragraph 1 Item 7 <span class=\"caps\">PGR<\/span>, disclo\u00adsure is made to those affec\u00adted in accordance with the statu\u00adtory provi\u00adsi\u00adons and a clari\u00adfi\u00adca\u00adtion of how to proceed with the&nbsp;same.<\/li>\n<li>An annual publi\u00adca\u00adtion on the imple\u00admen\u00adta\u00adtion of the parti\u00adci\u00adpa\u00adtion policy within the meaning of Art. 367h Para. 2 <span class=\"caps\">PGR<\/span> does not take place because the corre\u00adspon\u00adding rights are not exercised.<\/li>\n<li>A publi\u00adca\u00adtion of the voting beha\u00advior within the meaning of Article 367h Paragraph 1 Item 3 <span class=\"caps\">PGR<\/span> does not take place because no parti\u00adci\u00adpa\u00adtion in voting takes&nbsp;place.<\/li>\n<\/ul>\n<\/div>\t\t<\/div>\t\t\t\t<\/div>\n\t\t\t\t<\/div>\n\t\t\t\t\t<\/div>\n\t\t<\/div>\n\t\t\t\t\t<\/div>\n\t\t<\/section>\n\t\t\t\t<\/div>\n\t\t","protected":false},"excerpt":{"rendered":"<p>Contact Livalor Verm\u00f6gensverwaltung AGSchmedgass 69490 VaduzLiechtenstein T +423 239 76 30info@livalor.com Complaints manage\u00adment Participation Policy Livalor Verm\u00f6gensverwaltung <span class=\"caps\">AG<\/span> Wilfriedstrasse 7 8032 Zurich Switzerland T +41 43 344 97&nbsp;44 info@livalor.com Livalor Asset Management Ltd is a finan\u00adcial insti\u00adtu\u00adtion affi\u00adlia\u00adted with FINcontrol Suisse <span class=\"caps\">AG<\/span> in accordance with the Financial Institutions Act (<span class=\"caps\">FINIG<\/span>) and is ther\u00ade\u00adfore subject to&nbsp;[\u2026]<\/p>\n","protected":false},"author":1,"featured_media":0,"parent":0,"menu_order":4,"comment_status":"closed","ping_status":"closed","template":"","meta":{"_seopress_robots_primary_cat":"","_seopress_titles_title":"Livalor Asset Management Ltd. Vaduz and Zurich","_seopress_titles_desc":"Contact Livalor Asset Management Ltd., Schmedgass 6, 9490 Vaduz, Liechtenstein and Livalor Asset Management Ltd., Wilfriedstrasse 7, 8032 Zurich, Switzerland","_seopress_robots_index":"","wp_typography_post_enhancements_disabled":false,"site-sidebar-layout":"no-sidebar","site-content-layout":"page-builder","ast-site-content-layout":"default","site-content-style":"default","site-sidebar-style":"default","ast-global-header-display":"","ast-banner-title-visibility":"","ast-main-header-display":"","ast-hfb-above-header-display":"","ast-hfb-below-header-display":"","ast-hfb-mobile-header-display":"","site-post-title":"disabled","ast-breadcrumbs-content":"","ast-featured-img":"disabled","footer-sml-layout":"","ast-disable-related-posts":"","theme-transparent-header-meta":"default","adv-header-id-meta":"","stick-header-meta":"default","header-above-stick-meta":"","header-main-stick-meta":"","header-below-stick-meta":"","astra-migrate-meta-layouts":"default","ast-page-background-enabled":"default","ast-page-background-meta":{"desktop":{"background-color":"","background-image":"","background-repeat":"repeat","background-position":"center center","background-size":"auto","background-attachment":"scroll","background-type":"","background-media":"","overlay-type":"","overlay-color":"","overlay-opacity":"","overlay-gradient":""},"tablet":{"background-color":"","background-image":"","background-repeat":"repeat","background-position":"center center","background-size":"auto","background-attachment":"scroll","background-type":"","background-media":"","overlay-type":"","overlay-color":"","overlay-opacity":"","overlay-gradient":""},"mobile":{"background-color":"","background-image":"","background-repeat":"repeat","background-position":"center center","background-size":"auto","background-attachment":"scroll","background-type":"","background-media":"","overlay-type":"","overlay-color":"","overlay-opacity":"","overlay-gradient":""}},"ast-content-background-meta":{"desktop":{"background-color":"var(--ast-global-color-5)","background-image":"","background-repeat":"repeat","background-position":"center center","background-size":"auto","background-attachment":"scroll","background-type":"","background-media":"","overlay-type":"","overlay-color":"","overlay-opacity":"","overlay-gradient":""},"tablet":{"background-color":"var(--ast-global-color-5)","background-image":"","background-repeat":"repeat","background-position":"center center","background-size":"auto","background-attachment":"scroll","background-type":"","background-media":"","overlay-type":"","overlay-color":"","overlay-opacity":"","overlay-gradient":""},"mobile":{"background-color":"var(--ast-global-color-5)","background-image":"","background-repeat":"repeat","background-position":"center center","background-size":"auto","background-attachment":"scroll","background-type":"","background-media":"","overlay-type":"","overlay-color":"","overlay-opacity":"","overlay-gradient":""}},"footnotes":""},"class_list":["post-729","page","type-page","status-publish","hentry"],"_links":{"self":[{"href":"https:\/\/www.livalor.com\/en\/wp-json\/wp\/v2\/pages\/729","targetHints":{"allow":["GET"]}}],"collection":[{"href":"https:\/\/www.livalor.com\/en\/wp-json\/wp\/v2\/pages"}],"about":[{"href":"https:\/\/www.livalor.com\/en\/wp-json\/wp\/v2\/types\/page"}],"author":[{"embeddable":true,"href":"https:\/\/www.livalor.com\/en\/wp-json\/wp\/v2\/users\/1"}],"replies":[{"embeddable":true,"href":"https:\/\/www.livalor.com\/en\/wp-json\/wp\/v2\/comments?post=729"}],"version-history":[{"count":5,"href":"https:\/\/www.livalor.com\/en\/wp-json\/wp\/v2\/pages\/729\/revisions"}],"predecessor-version":[{"id":1374,"href":"https:\/\/www.livalor.com\/en\/wp-json\/wp\/v2\/pages\/729\/revisions\/1374"}],"wp:attachment":[{"href":"https:\/\/www.livalor.com\/en\/wp-json\/wp\/v2\/media?parent=729"}],"curies":[{"name":"wp","href":"https:\/\/api.w.org\/{rel}","templated":true}]}}